{"id":9559,"date":"2025-12-11T14:51:37","date_gmt":"2025-12-11T13:51:37","guid":{"rendered":"https:\/\/hubble.makeasmile-media.de\/?post_type=product&#038;p=9559"},"modified":"2026-04-08T11:49:34","modified_gmt":"2026-04-08T09:49:34","slug":"housse-de-protection-textile","status":"publish","type":"product","link":"https:\/\/marking.reiner.de\/fr\/produkt\/schutzhuelle-textil\/","title":{"rendered":"Housse de protection textile"},"content":{"rendered":"<p>La housse de protection textile pour le jetStamp\u00ae 1025 a \u00e9t\u00e9 sp\u00e9cialement con\u00e7ue pour les environnements de travail poussi\u00e9reux, salissants et industriels. Le polyester robuste prot\u00e8ge l'appareil de mani\u00e8re fiable, tandis que la manipulation est enti\u00e8rement pr\u00e9serv\u00e9e - sans perte de confort ou de qualit\u00e9.<\/p>\n<p data-start=\"988\" data-end=\"1025\"><strong data-start=\"992\" data-end=\"1025\">Pourquoi la housse de protection en textile ?<\/strong><\/p>\n<ul data-start=\"1026\" data-end=\"1380\">\n<li data-start=\"1026\" data-end=\"1097\"><strong data-start=\"1030\" data-end=\"1060\">Protection contre la poussi\u00e8re et la salet\u00e9<\/strong> - id\u00e9al pour les environnements de travail difficiles<\/li>\n<li data-start=\"1098\" data-end=\"1165\"><strong data-start=\"1102\" data-end=\"1125\">Facile \u00e0 installer<\/strong> - \u00e0 enfiler en un tour de main<\/li>\n<li data-start=\"1166\" data-end=\"1242\"><strong data-start=\"1170\" data-end=\"1213\">Fen\u00eatre de visualisation pour l'affichage et la zone d'impression<\/strong> - toutes les fonctions en un coup d'\u0153il<\/li>\n<li data-start=\"1243\" data-end=\"1310\"><strong data-start=\"1247\" data-end=\"1276\">Ergonomique &amp; confortable<\/strong> - la poign\u00e9e reste enti\u00e8rement libre<\/li>\n<li data-start=\"1311\" data-end=\"1380\"><strong data-start=\"1315\" data-end=\"1339\">Fonctionnement complet de l'appareil<\/strong> - Prise de charge et prise USB librement accessibles<\/li>\n<\/ul>","protected":false},"excerpt":{"rendered":"<p>Die Textil-Schutzh\u00fclle f\u00fcr den jetStamp\u00ae 1025 wurde speziell f\u00fcr staubige, schmutzanf\u00e4llige und industrielle Arbeitsbereiche entwickelt. Das robuste Polyester sch\u00fctzt das Ger\u00e4t zuverl\u00e4ssig, w\u00e4hrend das Handling vollst\u00e4ndig erhalten bleibt \u2013 ohne Komfort- oder Qualit\u00e4tsverlust. Warum die Textil-Schutzh\u00fclle? Schutz vor Staub &amp; Schmutz \u2013 ideal f\u00fcr raue Arbeitsumgebungen Einfach anzubringen \u2013 mit wenigen Handgriffen \u00fcberst\u00fclpen Sichtfenster f\u00fcr [&hellip;]<\/p>\n","protected":false},"featured_media":13569,"comment_status":"closed","ping_status":"closed","template":"","meta":{"_acf_changed":false,"iawp_total_views":0},"zubehor-kategorie":[135],"product_brand":[],"product_cat":[58,61,39],"product_tag":[],"class_list":{"0":"post-9559","1":"product","2":"type-product","3":"status-publish","4":"has-post-thumbnail","6":"zubehor-kategorie-schutz","7":"product_cat-jetstamp-1025-sense","8":"product_cat-jetstamp1025","9":"product_cat-zubehoer","11":"first","12":"instock","13":"shipping-taxable","14":"product-type-simple"},"acf":[],"_links":{"self":[{"href":"https:\/\/marking.reiner.de\/fr\/wp-json\/wp\/v2\/product\/9559","targetHints":{"allow":["GET"]}}],"collection":[{"href":"https:\/\/marking.reiner.de\/fr\/wp-json\/wp\/v2\/product"}],"about":[{"href":"https:\/\/marking.reiner.de\/fr\/wp-json\/wp\/v2\/types\/product"}],"replies":[{"embeddable":true,"href":"https:\/\/marking.reiner.de\/fr\/wp-json\/wp\/v2\/comments?post=9559"}],"wp:featuredmedia":[{"embeddable":true,"href":"https:\/\/marking.reiner.de\/fr\/wp-json\/wp\/v2\/media\/13569"}],"wp:attachment":[{"href":"https:\/\/marking.reiner.de\/fr\/wp-json\/wp\/v2\/media?parent=9559"}],"wp:term":[{"taxonomy":"zubehor-kategorie","embeddable":true,"href":"https:\/\/marking.reiner.de\/fr\/wp-json\/wp\/v2\/zubehor-kategorie?post=9559"},{"taxonomy":"product_brand","embeddable":true,"href":"https:\/\/marking.reiner.de\/fr\/wp-json\/wp\/v2\/product_brand?post=9559"},{"taxonomy":"product_cat","embeddable":true,"href":"https:\/\/marking.reiner.de\/fr\/wp-json\/wp\/v2\/product_cat?post=9559"},{"taxonomy":"product_tag","embeddable":true,"href":"https:\/\/marking.reiner.de\/fr\/wp-json\/wp\/v2\/product_tag?post=9559"}],"curies":[{"name":"wp","href":"https:\/\/api.w.org\/{rel}","templated":true}]}}