{"id":1363,"date":"2025-02-27T15:07:07","date_gmt":"2025-02-27T14:07:07","guid":{"rendered":"https:\/\/hubble.makeasmile-media.de\/?post_type=product&#038;p=1363"},"modified":"2026-04-14T08:21:40","modified_gmt":"2026-04-14T06:21:40","slug":"jetstamp-1025-sense","status":"publish","type":"product","link":"https:\/\/marking.reiner.de\/fr\/produkt\/jetstamp-1025-sense\/","title":{"rendered":"jetStamp\u00ae 1025 sense"},"content":{"rendered":"<p data-start=\"467\" data-end=\"814\">Le site <strong data-start=\"471\" data-end=\"495\">jetStamp\u00ae 1025 sense<\/strong> est la solution d'impression directe mobile pour <strong data-start=\"533\" data-end=\"577\">marquage bas\u00e9 sur la mesure et le signal<\/strong>. Il \u00e9largit le <a href=\"https:\/\/marking.reiner.de\/fr\/product\/jetstamp1025\/\">jetStamp\u00ae 1025<\/a> pour obtenir une <strong data-start=\"621\" data-end=\"657\">interface de capteur int\u00e9gr\u00e9e<\/strong> et permet, <strong data-start=\"677\" data-end=\"720\">Valeurs de mesure, signaux ou donn\u00e9es num\u00e9ris\u00e9es<\/strong> directement sur le lieu de cr\u00e9ation <strong data-start=\"746\" data-end=\"813\">d'imprimer automatiquement sur des documents, des conteneurs ou des surfaces<\/strong>.<\/p>\n<p data-start=\"816\" data-end=\"1108\">Des capteurs connect\u00e9s d\u00e9clenchent la pression automatiquement et avec pr\u00e9cision. Id\u00e9al pour <strong data-start=\"934\" data-end=\"1002\">T\u00e2ches de mesure, op\u00e9rations de contr\u00f4le et processus \u00e0 documenter<\/strong> dans l'industrie, la logistique et l'assurance qualit\u00e9 - <strong data-start=\"1051\" data-end=\"1107\">mobile, rapide et sans PC ou appareil suppl\u00e9mentaire externe<\/strong>.<\/p>\n<p><strong>Pourquoi choisir jetStamp\u00ae 1025 sense ?<\/strong><\/p>\n<ul>\n<li>\n<p data-pm-slice=\"0 0 []\">Imprimer les valeurs mesur\u00e9es directement sur le lieu de mesure<\/p>\n<\/li>\n<li>\n<p data-pm-slice=\"0 0 []\">Interface de capteur int\u00e9gr\u00e9e pour les signaux externes<\/p>\n<\/li>\n<li>\n<p data-pm-slice=\"0 0 []\">D\u00e9clenchement pr\u00e9cis par signal de capteur<\/p>\n<\/li>\n<li>\n<p data-pm-slice=\"0 0 []\">100 % mobile - pas besoin de PC ou d'appareils externes<\/p>\n<\/li>\n<li>\n<p data-pm-slice=\"0 0 []\">Max. Taille de l'empreinte : 85 \u00d7 26 mm (\u2248 1\u2033), extensible \u00e0 2\u2033<\/p>\n<\/li>\n<li>\n<p data-pm-slice=\"0 0 []\">Id\u00e9al pour les processus de contr\u00f4le, de mesure et de production en s\u00e9rie<\/p>\n<\/li>\n<\/ul>","protected":false},"excerpt":{"rendered":"<p>Der jetStamp\u00ae 1025 sense ist die mobile Direktdruckl\u00f6sung f\u00fcr mess- und signalbasierte Kennzeichnungen. Er erweitert den jetStamp\u00ae 1025 um eine integrierte Sensor-Schnittstelle und erm\u00f6glicht es, Messwerte, Signale oder gescannte Daten direkt am Entstehungsort automatisch auf Dokumente, Beh\u00e4lter oder Oberfl\u00e4chen zu drucken. Angeschlossene Sensoren l\u00f6sen den Druck automatisch und pr\u00e4zise aus. Ideal f\u00fcr Messaufgaben, Pr\u00fcfvorg\u00e4nge und [&hellip;]<\/p>\n","protected":false},"featured_media":13584,"comment_status":"closed","ping_status":"closed","template":"","meta":{"_acf_changed":false,"iawp_total_views":49},"zubehor-kategorie":[],"product_brand":[],"product_cat":[58,40],"product_tag":[],"class_list":{"0":"post-1363","1":"product","2":"type-product","3":"status-publish","4":"has-post-thumbnail","6":"product_cat-jetstamp-1025-sense","7":"product_cat-marking-devices","9":"first","10":"instock","11":"shipping-taxable","12":"product-type-simple"},"acf":[],"_links":{"self":[{"href":"https:\/\/marking.reiner.de\/fr\/wp-json\/wp\/v2\/product\/1363","targetHints":{"allow":["GET"]}}],"collection":[{"href":"https:\/\/marking.reiner.de\/fr\/wp-json\/wp\/v2\/product"}],"about":[{"href":"https:\/\/marking.reiner.de\/fr\/wp-json\/wp\/v2\/types\/product"}],"replies":[{"embeddable":true,"href":"https:\/\/marking.reiner.de\/fr\/wp-json\/wp\/v2\/comments?post=1363"}],"wp:featuredmedia":[{"embeddable":true,"href":"https:\/\/marking.reiner.de\/fr\/wp-json\/wp\/v2\/media\/13584"}],"wp:attachment":[{"href":"https:\/\/marking.reiner.de\/fr\/wp-json\/wp\/v2\/media?parent=1363"}],"wp:term":[{"taxonomy":"zubehor-kategorie","embeddable":true,"href":"https:\/\/marking.reiner.de\/fr\/wp-json\/wp\/v2\/zubehor-kategorie?post=1363"},{"taxonomy":"product_brand","embeddable":true,"href":"https:\/\/marking.reiner.de\/fr\/wp-json\/wp\/v2\/product_brand?post=1363"},{"taxonomy":"product_cat","embeddable":true,"href":"https:\/\/marking.reiner.de\/fr\/wp-json\/wp\/v2\/product_cat?post=1363"},{"taxonomy":"product_tag","embeddable":true,"href":"https:\/\/marking.reiner.de\/fr\/wp-json\/wp\/v2\/product_tag?post=1363"}],"curies":[{"name":"wp","href":"https:\/\/api.w.org\/{rel}","templated":true}]}}