{"id":1360,"date":"2025-02-27T15:04:38","date_gmt":"2025-02-27T14:04:38","guid":{"rendered":"https:\/\/hubble.makeasmile-media.de\/?post_type=product&#038;p=1360"},"modified":"2026-04-08T11:54:43","modified_gmt":"2026-04-08T09:54:43","slug":"vitesse-i-jet-798","status":"publish","type":"product","link":"https:\/\/marking.reiner.de\/fr\/produkt\/speed-i-jet-798\/","title":{"rendered":"speed-i-Jet 798"},"content":{"rendered":"<p>La mini-imprimante manuelle pour un marquage rapide sur papier, carton et surfaces lisses. Parfaite pour les entrep\u00f4ts, l'assurance qualit\u00e9 et l'administration.<\/p>\n<p><strong>Pourquoi speed-i-Jet 798 ?<\/strong><\/p>\n<ul>\n<li>Imprimer comme on \u00e9crit \u2013 intuitif et rapide<\/li>\n<li>Moins d'une seconde par marqueur<\/li>\n<li>Extr\u00eamement maniable &amp; l\u00e9ger<\/li>\n<li>Id\u00e9al pour les num\u00e9ros, les dates et les textes courts<\/li>\n<li>Parfait pour le papier, les documents et les \u00e9tiquettes<\/li>\n<\/ul>","protected":false},"excerpt":{"rendered":"<p>Der handgef\u00fchrte Mini-Drucker f\u00fcr schnelle Markierungen auf Papier, Karton &amp; glatten Oberfl\u00e4chen. Perfekt f\u00fcr Lager, QS &amp; Verwaltung. Warum speed-i-Jet 798? Drucken im Schreibgestus \u2013 intuitiv &amp; schnell Unter 1 Sekunde pro Markierung Extrem handlich &amp; leicht Ideal f\u00fcr Nummern, Datumsangaben &amp; kurze Texte Perfekt f\u00fcr Papier, Dokumente &amp; Etiketten<\/p>","protected":false},"featured_media":13582,"comment_status":"closed","ping_status":"closed","template":"","meta":{"_acf_changed":false,"iawp_total_views":0},"zubehor-kategorie":[],"product_brand":[],"product_cat":[40,60],"product_tag":[],"class_list":{"0":"post-1360","1":"product","2":"type-product","3":"status-publish","4":"has-post-thumbnail","6":"product_cat-marking-devices","7":"product_cat-speed-i-jet-798","9":"first","10":"instock","11":"shipping-taxable","12":"product-type-simple"},"acf":[],"_links":{"self":[{"href":"https:\/\/marking.reiner.de\/fr\/wp-json\/wp\/v2\/product\/1360","targetHints":{"allow":["GET"]}}],"collection":[{"href":"https:\/\/marking.reiner.de\/fr\/wp-json\/wp\/v2\/product"}],"about":[{"href":"https:\/\/marking.reiner.de\/fr\/wp-json\/wp\/v2\/types\/product"}],"replies":[{"embeddable":true,"href":"https:\/\/marking.reiner.de\/fr\/wp-json\/wp\/v2\/comments?post=1360"}],"wp:featuredmedia":[{"embeddable":true,"href":"https:\/\/marking.reiner.de\/fr\/wp-json\/wp\/v2\/media\/13582"}],"wp:attachment":[{"href":"https:\/\/marking.reiner.de\/fr\/wp-json\/wp\/v2\/media?parent=1360"}],"wp:term":[{"taxonomy":"zubehor-kategorie","embeddable":true,"href":"https:\/\/marking.reiner.de\/fr\/wp-json\/wp\/v2\/zubehor-kategorie?post=1360"},{"taxonomy":"product_brand","embeddable":true,"href":"https:\/\/marking.reiner.de\/fr\/wp-json\/wp\/v2\/product_brand?post=1360"},{"taxonomy":"product_cat","embeddable":true,"href":"https:\/\/marking.reiner.de\/fr\/wp-json\/wp\/v2\/product_cat?post=1360"},{"taxonomy":"product_tag","embeddable":true,"href":"https:\/\/marking.reiner.de\/fr\/wp-json\/wp\/v2\/product_tag?post=1360"}],"curies":[{"name":"wp","href":"https:\/\/api.w.org\/{rel}","templated":true}]}}