{"id":1294,"date":"2025-02-26T13:01:06","date_gmt":"2025-02-26T12:01:06","guid":{"rendered":"https:\/\/hubble.makeasmile-media.de\/?post_type=product&#038;p=1294"},"modified":"2026-04-17T13:11:00","modified_gmt":"2026-04-17T11:11:00","slug":"jetstamp1025","status":"publish","type":"product","link":"https:\/\/marking.reiner.de\/fr\/produkt\/jetstamp1025\/","title":{"rendered":"jetStamp\u00ae 1025"},"content":{"rendered":"<p data-start=\"733\" data-end=\"1046\">Le site <strong data-start=\"737\" data-end=\"755\">jetStamp\u00ae 1025<\/strong> est l'appareil de codage mobile pour le <strong data-start=\"799\" data-end=\"851\">Impression directe d'informations variables sans \u00e9tiquette<\/strong>. Les textes, les codes-barres, les logos, les num\u00e9ros d'ordre, la date, l'heure et les identifications de lots sont <strong data-start=\"920\" data-end=\"991\">directement sur carton, bois, m\u00e9tal, verre, plastique et autres mat\u00e9riaux<\/strong> imprim\u00e9 - <strong data-start=\"1003\" data-end=\"1045\">sans mouvement, sans installation fixe<\/strong>.<\/p>\n<p data-start=\"1048\" data-end=\"1295\">Id\u00e9al pour <strong data-start=\"1058\" data-end=\"1150\">Logistique, industrie, \u00e9tiquetage alimentaire, traitement des m\u00e9taux et applications sp\u00e9ciales<\/strong>, Les \u00e9tiquettes sont utilis\u00e9es pour des applications qui requi\u00e8rent un marquage flexible et changeant. L'impression est r\u00e9alis\u00e9e <strong data-start=\"1216\" data-end=\"1234\">en appuyant sur un bouton<\/strong>, Rapide, propre et reproductible - <strong data-start=\"1273\" data-end=\"1294\">directement sur le produit<\/strong>.<\/p>\n<p><strong>Pourquoi choisir le jetStamp 1025 ?<\/strong><\/p>\n<ul>\n<li data-start=\"1228\" data-end=\"1256\">100 % utilisable de mani\u00e8re mobile<\/li>\n<li data-start=\"1259\" data-end=\"1305\">Impression directe sans mouvement par simple pression sur un bouton<\/li>\n<li data-start=\"1308\" data-end=\"1379\">Imprimer des donn\u00e9es variables (textes, codes \u00e0 barres, num\u00e9ros, date, heure)<\/li>\n<li data-start=\"1382\" data-end=\"1446\">Grande surface d'empreinte flexible pour les petits et grands objets<\/li>\n<li data-start=\"1449\" data-end=\"1491\">Utilisation intuitive, guid\u00e9e par l'\u00e9cran<\/li>\n<li data-start=\"1494\" data-end=\"1546\">Pour plus de 200 motifs d'impression<\/li>\n<li data-start=\"1549\" data-end=\"1634\">Max. Taille de l'empreinte : 85 \u00d7 26mm (\u2248 1\u2033) - extensible \u00e0 2\u2033 avec les accessoires correspondants<\/li>\n<\/ul>","protected":false},"excerpt":{"rendered":"<p>Der jetStamp\u00ae 1025 ist das mobile Codierger\u00e4t f\u00fcr den Direktdruck variabler Informationen ohne Etikett. Texte, Barcodes, Logos, laufende Nummern, Datum, Uhrzeit und Chargenkennzeichnungen werden direkt auf Karton, Holz, Metall, Glas, Kunststoff und weitere Materialien gedruckt \u2013 ohne Bewegung, ohne feste Installation. Ideal f\u00fcr Logistik, Industrie, Lebensmittelkennzeichnung, Metallverarbeitung und Sonderanwendungen, bei denen flexible, wechselnde Kennzeichnungen gefragt [&hellip;]<\/p>\n","protected":false},"featured_media":13583,"comment_status":"closed","ping_status":"closed","template":"","meta":{"_acf_changed":false,"iawp_total_views":41},"zubehor-kategorie":[],"product_brand":[],"product_cat":[61,40],"product_tag":[],"class_list":{"0":"post-1294","1":"product","2":"type-product","3":"status-publish","4":"has-post-thumbnail","6":"product_cat-jetstamp1025","7":"product_cat-marking-devices","9":"first","10":"instock","11":"shipping-taxable","12":"product-type-simple"},"acf":[],"_links":{"self":[{"href":"https:\/\/marking.reiner.de\/fr\/wp-json\/wp\/v2\/product\/1294","targetHints":{"allow":["GET"]}}],"collection":[{"href":"https:\/\/marking.reiner.de\/fr\/wp-json\/wp\/v2\/product"}],"about":[{"href":"https:\/\/marking.reiner.de\/fr\/wp-json\/wp\/v2\/types\/product"}],"replies":[{"embeddable":true,"href":"https:\/\/marking.reiner.de\/fr\/wp-json\/wp\/v2\/comments?post=1294"}],"wp:featuredmedia":[{"embeddable":true,"href":"https:\/\/marking.reiner.de\/fr\/wp-json\/wp\/v2\/media\/13583"}],"wp:attachment":[{"href":"https:\/\/marking.reiner.de\/fr\/wp-json\/wp\/v2\/media?parent=1294"}],"wp:term":[{"taxonomy":"zubehor-kategorie","embeddable":true,"href":"https:\/\/marking.reiner.de\/fr\/wp-json\/wp\/v2\/zubehor-kategorie?post=1294"},{"taxonomy":"product_brand","embeddable":true,"href":"https:\/\/marking.reiner.de\/fr\/wp-json\/wp\/v2\/product_brand?post=1294"},{"taxonomy":"product_cat","embeddable":true,"href":"https:\/\/marking.reiner.de\/fr\/wp-json\/wp\/v2\/product_cat?post=1294"},{"taxonomy":"product_tag","embeddable":true,"href":"https:\/\/marking.reiner.de\/fr\/wp-json\/wp\/v2\/product_tag?post=1294"}],"curies":[{"name":"wp","href":"https:\/\/api.w.org\/{rel}","templated":true}]}}