{"id":10435,"date":"2025-12-16T15:41:54","date_gmt":"2025-12-16T14:41:54","guid":{"rendered":"https:\/\/hubble.makeasmile-media.de\/?post_type=product&#038;p=10435"},"modified":"2026-04-08T11:50:09","modified_gmt":"2026-04-08T09:50:09","slug":"station-dimpression-papier-ps04","status":"publish","type":"product","link":"https:\/\/marking.reiner.de\/fr\/produkt\/druckstation-papier-ps04\/","title":{"rendered":"Station d'impression papier PS04"},"content":{"rendered":"<p data-start=\"653\" data-end=\"889\">Le site <strong data-start=\"657\" data-end=\"712\">dispositif d'impression automatique pour le jetStamp\u00ae 990<\/strong> permet un marquage r\u00e9gulier et reproductible de documents, formulaires et cartons jusqu'\u00e0 <strong data-start=\"822\" data-end=\"845\">2 mm d'\u00e9paisseur de mat\u00e9riau<\/strong> - sans d\u00e9clenchement manuel et sans \u00e9tiquette.<\/p>\n<p data-start=\"891\" data-end=\"1208\">Les documents sont simplement ins\u00e9r\u00e9s, align\u00e9s avec pr\u00e9cision et, lorsqu'ils sont mis en but\u00e9e <strong data-start=\"967\" data-end=\"991\">imprim\u00e9 automatiquement<\/strong>. L'empreinte est toujours r\u00e9alis\u00e9e dans une position fixe, ind\u00e9pendamment du format ou du type de document. Il en r\u00e9sulte <strong data-start=\"1100\" data-end=\"1158\">r\u00e9sultats d'impression r\u00e9sistants \u00e0 l'essuyage et de qualit\u00e9 constante<\/strong>, Le syst\u00e8me d'identification de la marque est tr\u00e8s simple \u00e0 utiliser, m\u00eame pour des t\u00e2ches d'identification r\u00e9p\u00e9titives.<\/p>\n<p data-start=\"1210\" data-end=\"1573\">Gr\u00e2ce \u00e0 sa construction compacte, le dispositif d'impression peut \u00eatre utilis\u00e9 de mani\u00e8re flexible - directement sur le poste de travail, dans la bo\u00eete de r\u00e9ception, dans la mise \u00e0 disposition de mat\u00e9riel ou encore <strong data-start=\"1371\" data-end=\"1387\">fix\u00e9 au mur<\/strong>. Elle est particuli\u00e8rement adapt\u00e9e aux applications dans <strong data-start=\"1434\" data-end=\"1510\">l'administration, la r\u00e9ception des marchandises, l'assurance qualit\u00e9 et les processus de documentation<\/strong>, Les produits de l'entreprise sont utilis\u00e9s dans les domaines o\u00f9 la fiabilit\u00e9 et la s\u00e9curit\u00e9 des processus sont requises.<\/p>\n<p data-start=\"1575\" data-end=\"1793\">Le dispositif d'impression automatique compl\u00e8te le jetStamp\u00ae 990 par une <strong data-start=\"1643\" data-end=\"1697\">solution stationnaire pour des processus de travail structur\u00e9s<\/strong> - simple d'utilisation, pr\u00e9cis dans son positionnement et fiable dans son utilisation quotidienne.<\/p>\n<h3 data-start=\"1800\" data-end=\"1828\">Les avantages en un coup d'\u0153il<\/h3>\n<ul data-start=\"1830\" data-end=\"2142\">\n<li data-start=\"1830\" data-end=\"1887\">\n<p data-start=\"1832\" data-end=\"1887\">D\u00e9clenchement automatique lors de l'insertion du document<\/p>\n<\/li>\n<li data-start=\"1888\" data-end=\"1939\">\n<p data-start=\"1890\" data-end=\"1939\">Position d'impression constante \u00e0 environ 6 mm du bord<\/p>\n<\/li>\n<li data-start=\"1940\" data-end=\"1980\">\n<p data-start=\"1942\" data-end=\"1980\">Empreintes reproductibles et r\u00e9sistantes \u00e0 l'essuyage<\/p>\n<\/li>\n<li data-start=\"1981\" data-end=\"2031\">\n<p data-start=\"1983\" data-end=\"2031\">Convient pour le papier, le carton jusqu'\u00e0 2 mm d'\u00e9paisseur<\/p>\n<\/li>\n<li data-start=\"2032\" data-end=\"2089\">\n<p data-start=\"2034\" data-end=\"2089\">Utilisation flexible au poste de travail ou fix\u00e9 au mur<\/p>\n<\/li>\n<li data-start=\"2090\" data-end=\"2142\">\n<p data-start=\"2092\" data-end=\"2142\">Id\u00e9al pour l'administration, l'assurance qualit\u00e9, la r\u00e9ception du courrier et des marchandises<\/p>\n<\/li>\n<\/ul>","protected":false},"excerpt":{"rendered":"<p>Die automatische Druckvorrichtung f\u00fcr den jetStamp\u00ae 990 erm\u00f6glicht eine gleichm\u00e4\u00dfige und reproduzierbare Kennzeichnung von Dokumenten, Formularen und Kartonagen bis 2 mm Materialst\u00e4rke \u2013 ohne manuelles Ausl\u00f6sen und ohne Etikett. Dokumente werden einfach eingeschoben, exakt ausgerichtet und beim Anschlag automatisch bedruckt. Der Abdruck erfolgt stets in einer festen Position, unabh\u00e4ngig von Format oder Dokumententyp. So entstehen [&hellip;]<\/p>\n","protected":false},"featured_media":13470,"comment_status":"closed","ping_status":"closed","template":"","meta":{"_acf_changed":false,"iawp_total_views":0},"zubehor-kategorie":[132],"product_brand":[],"product_cat":[39,59],"product_tag":[],"class_list":{"0":"post-10435","1":"product","2":"type-product","3":"status-publish","4":"has-post-thumbnail","6":"zubehor-kategorie-automatisierung","7":"product_cat-zubehoer","8":"product_cat-jetstamp-990","10":"first","11":"instock","12":"shipping-taxable","13":"product-type-simple"},"acf":[],"_links":{"self":[{"href":"https:\/\/marking.reiner.de\/fr\/wp-json\/wp\/v2\/product\/10435","targetHints":{"allow":["GET"]}}],"collection":[{"href":"https:\/\/marking.reiner.de\/fr\/wp-json\/wp\/v2\/product"}],"about":[{"href":"https:\/\/marking.reiner.de\/fr\/wp-json\/wp\/v2\/types\/product"}],"replies":[{"embeddable":true,"href":"https:\/\/marking.reiner.de\/fr\/wp-json\/wp\/v2\/comments?post=10435"}],"wp:featuredmedia":[{"embeddable":true,"href":"https:\/\/marking.reiner.de\/fr\/wp-json\/wp\/v2\/media\/13470"}],"wp:attachment":[{"href":"https:\/\/marking.reiner.de\/fr\/wp-json\/wp\/v2\/media?parent=10435"}],"wp:term":[{"taxonomy":"zubehor-kategorie","embeddable":true,"href":"https:\/\/marking.reiner.de\/fr\/wp-json\/wp\/v2\/zubehor-kategorie?post=10435"},{"taxonomy":"product_brand","embeddable":true,"href":"https:\/\/marking.reiner.de\/fr\/wp-json\/wp\/v2\/product_brand?post=10435"},{"taxonomy":"product_cat","embeddable":true,"href":"https:\/\/marking.reiner.de\/fr\/wp-json\/wp\/v2\/product_cat?post=10435"},{"taxonomy":"product_tag","embeddable":true,"href":"https:\/\/marking.reiner.de\/fr\/wp-json\/wp\/v2\/product_tag?post=10435"}],"curies":[{"name":"wp","href":"https:\/\/api.w.org\/{rel}","templated":true}]}}