{"id":10363,"date":"2025-12-16T13:38:56","date_gmt":"2025-12-16T12:38:56","guid":{"rendered":"https:\/\/hubble.makeasmile-media.de\/?post_type=product&#038;p=10363"},"modified":"2026-04-09T11:09:31","modified_gmt":"2026-04-09T09:09:31","slug":"kit-de-pochoirs-dimpression","status":"publish","type":"product","link":"https:\/\/marking.reiner.de\/fr\/produkt\/andruckschablonenset\/","title":{"rendered":"Kit de gabarits de positionnement"},"content":{"rendered":"<p data-start=\"696\" data-end=\"987\">Le kit a \u00e9t\u00e9 sp\u00e9cialement con\u00e7u pour l'impression directe mobile avec le <strong data-start=\"772\" data-end=\"790\">jetStamp\u00ae 1025<\/strong> et permet de r\u00e9aliser des empreintes pr\u00e9cises et reproductibles sur des objets petits, fins ou flexibles. La zone d'empreinte est fix\u00e9e avec pr\u00e9cision et guid\u00e9e en toute s\u00e9curit\u00e9 - exactement l\u00e0 o\u00f9 elle est n\u00e9cessaire.<\/p>\n<p data-start=\"989\" data-end=\"1254\">Le kit se compose d'un cadre de fixation solide en acier inoxydable et de plusieurs inserts de pochoir interchangeables. L'insert appropri\u00e9 est utilis\u00e9 en fonction de l'application, de sorte que l'impression se fait toujours dans la m\u00eame position, ind\u00e9pendamment du mat\u00e9riau ou de la forme de l'objet.<\/p>\n<p data-start=\"1256\" data-end=\"1513\">Les pochoirs sont particuli\u00e8rement adapt\u00e9s pour <strong data-start=\"1297\" data-end=\"1394\">Petites pi\u00e8ces, sachets, films, tissus, tubes, bo\u00eetes de P\u00e9tri et objets ronds ou cylindriques<\/strong>. Des gabarits d'espacement suppl\u00e9mentaires permettent un alignement propre, m\u00eame pour les tubes, les barres ou les emballages fins.<\/p>\n<p data-start=\"1520\" data-end=\"1551\"><strong>Warum Postitionierschablonenset?<\/strong><\/p>\n<ul data-start=\"1553\" data-end=\"1883\">\n<li data-start=\"1553\" data-end=\"1627\">\n<p data-start=\"1555\" data-end=\"1627\">Fixe avec pr\u00e9cision la zone de l'empreinte sur des mat\u00e9riaux petits et flexibles<\/p>\n<\/li>\n<li data-start=\"1628\" data-end=\"1695\">\n<p data-start=\"1630\" data-end=\"1695\">Position d'impression reproductible pour un marquage constant<\/p>\n<\/li>\n<li data-start=\"1696\" data-end=\"1768\">\n<p data-start=\"1698\" data-end=\"1768\">Id\u00e9al pour les sachets, les films, les tubes, les petites pi\u00e8ces et les objets cylindriques<\/p>\n<\/li>\n<li data-start=\"1769\" data-end=\"1837\">\n<p data-start=\"1771\" data-end=\"1837\">Pochoirs interchangeables en acier inoxydable pour diff\u00e9rentes applications<\/p>\n<\/li>\n<li data-start=\"1838\" data-end=\"1883\">\n<p data-start=\"1840\" data-end=\"1883\">Parfaitement adapt\u00e9 au jetStamp\u00ae 1025<\/p>\n<\/li>\n<\/ul>","protected":false},"excerpt":{"rendered":"<p>Das Set wurde speziell f\u00fcr den mobilen Direktdruck mit dem jetStamp\u00ae 1025 entwickelt und erm\u00f6glicht pr\u00e4zise, reproduzierbare Abdrucke auf kleinen, d\u00fcnnen oder flexiblen Objekten. Der Abdruckbereich wird exakt fixiert und sicher gef\u00fchrt \u2013 genau dort, wo er ben\u00f6tigt wird. Das Set besteht aus einem stabilen Edelstahl-Befestigungsrahmen sowie mehreren austauschbaren Schabloneneins\u00e4tzen. Je nach Anwendung wird der [&hellip;]<\/p>\n","protected":false},"featured_media":13481,"comment_status":"closed","ping_status":"closed","template":"","meta":{"_acf_changed":false,"iawp_total_views":1},"zubehor-kategorie":[131],"product_brand":[],"product_cat":[39,58],"product_tag":[],"class_list":{"0":"post-10363","1":"product","2":"type-product","3":"status-publish","4":"has-post-thumbnail","6":"zubehor-kategorie-positionierung","7":"product_cat-zubehoer","8":"product_cat-jetstamp-1025-sense","10":"first","11":"instock","12":"shipping-taxable","13":"product-type-simple"},"acf":[],"_links":{"self":[{"href":"https:\/\/marking.reiner.de\/fr\/wp-json\/wp\/v2\/product\/10363","targetHints":{"allow":["GET"]}}],"collection":[{"href":"https:\/\/marking.reiner.de\/fr\/wp-json\/wp\/v2\/product"}],"about":[{"href":"https:\/\/marking.reiner.de\/fr\/wp-json\/wp\/v2\/types\/product"}],"replies":[{"embeddable":true,"href":"https:\/\/marking.reiner.de\/fr\/wp-json\/wp\/v2\/comments?post=10363"}],"wp:featuredmedia":[{"embeddable":true,"href":"https:\/\/marking.reiner.de\/fr\/wp-json\/wp\/v2\/media\/13481"}],"wp:attachment":[{"href":"https:\/\/marking.reiner.de\/fr\/wp-json\/wp\/v2\/media?parent=10363"}],"wp:term":[{"taxonomy":"zubehor-kategorie","embeddable":true,"href":"https:\/\/marking.reiner.de\/fr\/wp-json\/wp\/v2\/zubehor-kategorie?post=10363"},{"taxonomy":"product_brand","embeddable":true,"href":"https:\/\/marking.reiner.de\/fr\/wp-json\/wp\/v2\/product_brand?post=10363"},{"taxonomy":"product_cat","embeddable":true,"href":"https:\/\/marking.reiner.de\/fr\/wp-json\/wp\/v2\/product_cat?post=10363"},{"taxonomy":"product_tag","embeddable":true,"href":"https:\/\/marking.reiner.de\/fr\/wp-json\/wp\/v2\/product_tag?post=10363"}],"curies":[{"name":"wp","href":"https:\/\/api.w.org\/{rel}","templated":true}]}}