{"id":10343,"date":"2025-12-16T13:03:48","date_gmt":"2025-12-16T12:03:48","guid":{"rendered":"https:\/\/hubble.makeasmile-media.de\/?post_type=product&#038;p=10343"},"modified":"2026-04-09T11:17:31","modified_gmt":"2026-04-09T09:17:31","slug":"aide-au-centrage-pour-bloc-de-palette-epal","status":"publish","type":"product","link":"https:\/\/marking.reiner.de\/fr\/produkt\/zentrierhilfe-fuer-palettenklotz-epal\/","title":{"rendered":"Aide au centrage pour bloc de palette EPAL"},"content":{"rendered":"<p data-start=\"988\" data-end=\"1313\">Le guide de centrage pour bloc de palette EPAL permet de r\u00e9aliser des empreintes 2 pouces pr\u00e9cises et reproductibles sur des blocs de palette EPAL normalis\u00e9s. Il a \u00e9t\u00e9 sp\u00e9cialement con\u00e7u pour l'impression directe industrielle sur bois et assure un positionnement exact de l'appareil de marquage gr\u00e2ce \u00e0 un guidage lat\u00e9ral fixe - sans glissement.<\/p>\n<p data-start=\"1315\" data-end=\"1598\">L'impression est centr\u00e9e de mani\u00e8re s\u00fbre et r\u00e9guli\u00e8re. L'aide au centrage est donc id\u00e9ale pour la production de palettes, les entreprises de r\u00e9paration ainsi que le marquage IPPC. L'accessoire est exclusivement con\u00e7u pour les blocs de palettes EPAL et ne convient pas aux autres types de palettes. <strong>Erforderlich f\u00fcr die Verwendung ist die 2-Zoll-Druckerweiterung Spikes.<\/strong><\/p>\n<h6 data-start=\"1605\" data-end=\"1651\">Pourquoi cette aide au centrage est utile<\/h6>\n<ul>\n<li data-start=\"1653\" data-end=\"1710\">\n<p data-start=\"1655\" data-end=\"1710\">Centrage exact sur des blocs de palettes normalis\u00e9s EPAL<\/p>\n<\/li>\n<li data-start=\"1711\" data-end=\"1775\">\n<p data-start=\"1713\" data-end=\"1775\">Guidage s\u00fbr pour des empreintes de 2 pouces reproductibles sur le bois<\/p>\n<\/li>\n<li data-start=\"1776\" data-end=\"1824\">\n<p data-start=\"1778\" data-end=\"1824\">R\u00e9sultats d'impression uniformes sans flou<\/p>\n<\/li>\n<li data-start=\"1825\" data-end=\"1896\">\n<p data-start=\"1827\" data-end=\"1896\">Con\u00e7u pour les processus industriels de palettisation, de r\u00e9paration et d'IPPC<\/p>\n<\/li>\n<li data-start=\"1825\" data-end=\"1896\">Praktische Erg\u00e4nzung f\u00fcr die 2-Zoll-Druckerweiterung Spikes<\/li>\n<\/ul>","protected":false},"excerpt":{"rendered":"<p>Die Zentrierhilfe f\u00fcr Palettenklotz EPAL erm\u00f6glicht pr\u00e4zise und reproduzierbare 2-Zoll-Abdr\u00fccke auf genormten EPAL-Palettenkl\u00f6tzen. Sie wurde speziell f\u00fcr den industriellen Direktdruck auf Holz entwickelt und sorgt durch eine feste seitliche F\u00fchrung f\u00fcr eine exakte Positionierung des Kennzeichnungsger\u00e4ts \u2013 ohne Verrutschen. Der Druck wird sicher zentriert und gleichm\u00e4\u00dfig ausgef\u00fchrt. Damit eignet sich die Zentrierhilfe ideal f\u00fcr Palettenproduktion, [&hellip;]<\/p>\n","protected":false},"featured_media":13562,"comment_status":"closed","ping_status":"closed","template":"","meta":{"_acf_changed":false,"iawp_total_views":0},"zubehor-kategorie":[131],"product_brand":[],"product_cat":[39],"product_tag":[],"class_list":{"0":"post-10343","1":"product","2":"type-product","3":"status-publish","4":"has-post-thumbnail","6":"zubehor-kategorie-positionierung","7":"product_cat-zubehoer","9":"first","10":"instock","11":"shipping-taxable","12":"product-type-simple"},"acf":[],"_links":{"self":[{"href":"https:\/\/marking.reiner.de\/fr\/wp-json\/wp\/v2\/product\/10343","targetHints":{"allow":["GET"]}}],"collection":[{"href":"https:\/\/marking.reiner.de\/fr\/wp-json\/wp\/v2\/product"}],"about":[{"href":"https:\/\/marking.reiner.de\/fr\/wp-json\/wp\/v2\/types\/product"}],"replies":[{"embeddable":true,"href":"https:\/\/marking.reiner.de\/fr\/wp-json\/wp\/v2\/comments?post=10343"}],"wp:featuredmedia":[{"embeddable":true,"href":"https:\/\/marking.reiner.de\/fr\/wp-json\/wp\/v2\/media\/13562"}],"wp:attachment":[{"href":"https:\/\/marking.reiner.de\/fr\/wp-json\/wp\/v2\/media?parent=10343"}],"wp:term":[{"taxonomy":"zubehor-kategorie","embeddable":true,"href":"https:\/\/marking.reiner.de\/fr\/wp-json\/wp\/v2\/zubehor-kategorie?post=10343"},{"taxonomy":"product_brand","embeddable":true,"href":"https:\/\/marking.reiner.de\/fr\/wp-json\/wp\/v2\/product_brand?post=10343"},{"taxonomy":"product_cat","embeddable":true,"href":"https:\/\/marking.reiner.de\/fr\/wp-json\/wp\/v2\/product_cat?post=10343"},{"taxonomy":"product_tag","embeddable":true,"href":"https:\/\/marking.reiner.de\/fr\/wp-json\/wp\/v2\/product_tag?post=10343"}],"curies":[{"name":"wp","href":"https:\/\/api.w.org\/{rel}","templated":true}]}}