{"id":10313,"date":"2025-12-16T11:09:55","date_gmt":"2025-12-16T10:09:55","guid":{"rendered":"https:\/\/hubble.makeasmile-media.de\/?post_type=product&#038;p=10313"},"modified":"2026-04-08T11:50:41","modified_gmt":"2026-04-08T09:50:41","slug":"valise-jetsafe-pro","status":"publish","type":"product","link":"https:\/\/marking.reiner.de\/fr\/produkt\/koffer-jetsafe-pro\/","title":{"rendered":"Mallette jetSafe PRO"},"content":{"rendered":"<p data-start=\"500\" data-end=\"780\">Que ce soit pour une utilisation mobile, en voyage ou pour un rangement s\u00fbr, la mallette de protection jetSafe PRO offre une protection fiable pour votre\u00a0<i class=\"jtstmp\">jetStamp\u00ae<\/i>\u00a01025\u00a0\/\u00a0<i class=\"jtstmp\">jetStamp\u00ae<\/i>\u00a01025 senseet les accessoires correspondants.<br \/>\nGr\u00e2ce \u00e0 sa construction extr\u00eamement r\u00e9sistante, il prot\u00e8ge votre appareil des chocs, de la poussi\u00e8re et des intemp\u00e9ries, ce qui en fait la solution parfaite pour tous ceux qui misent sur la s\u00e9curit\u00e9 et la durabilit\u00e9.<\/p>\n<p data-start=\"787\" data-end=\"810\"><strong>Pourquoi la valise jetSafe PRO ?<\/strong><\/p>\n<ul>\n<li>Compartimentage int\u00e9rieur flexible - L'insert en mousse pr\u00e9d\u00e9coup\u00e9e peut \u00eatre ajust\u00e9 individuellement, de sorte que votre \u00e9quipement est rang\u00e9 de mani\u00e8re s\u00fbre et parfaitement adapt\u00e9e.<\/li>\n<li>Extr\u00eamement r\u00e9sistant - R\u00e9sistant aux chocs, \u00e9tanche \u00e0 l'eau et \u00e0 la poussi\u00e8re pour une utilisation dans des environnements exigeants<\/li>\n<li>Durable &amp; r\u00e9sistant - Fabriqu\u00e9 \u00e0 partir de 100 % de plastique recycl\u00e9, respectueux de l'environnement et particuli\u00e8rement solide.<\/li>\n<li>Apte au vol - Une valve automatique d'\u00e9quilibrage de pression assure un transport a\u00e9rien en toute s\u00e9curit\u00e9.<\/li>\n<li>S\u00e9curit\u00e9 suppl\u00e9mentaire - des \u0153illets pour cadenas permettent de ranger votre appareil en toute s\u00e9curit\u00e9.<\/li>\n<\/ul>","protected":false},"excerpt":{"rendered":"<p>Gr\u00e2ce \u00e0 sa construction extr\u00eamement r\u00e9sistante, il prot\u00e8ge votre appareil des chocs, de la poussi\u00e8re et des intemp\u00e9ries, ce qui en fait la solution parfaite pour tous ceux qui misent sur la s\u00e9curit\u00e9 et la durabilit\u00e9.<\/p>","protected":false},"featured_media":13473,"comment_status":"closed","ping_status":"closed","template":"","meta":{"_acf_changed":false,"iawp_total_views":1},"zubehor-kategorie":[135,133],"product_brand":[],"product_cat":[39,58,61],"product_tag":[],"class_list":{"0":"post-10313","1":"product","2":"type-product","3":"status-publish","4":"has-post-thumbnail","6":"zubehor-kategorie-schutz","7":"zubehor-kategorie-transport","8":"product_cat-zubehoer","9":"product_cat-jetstamp-1025-sense","10":"product_cat-jetstamp1025","12":"first","13":"instock","14":"shipping-taxable","15":"product-type-simple"},"acf":[],"_links":{"self":[{"href":"https:\/\/marking.reiner.de\/fr\/wp-json\/wp\/v2\/product\/10313","targetHints":{"allow":["GET"]}}],"collection":[{"href":"https:\/\/marking.reiner.de\/fr\/wp-json\/wp\/v2\/product"}],"about":[{"href":"https:\/\/marking.reiner.de\/fr\/wp-json\/wp\/v2\/types\/product"}],"replies":[{"embeddable":true,"href":"https:\/\/marking.reiner.de\/fr\/wp-json\/wp\/v2\/comments?post=10313"}],"wp:featuredmedia":[{"embeddable":true,"href":"https:\/\/marking.reiner.de\/fr\/wp-json\/wp\/v2\/media\/13473"}],"wp:attachment":[{"href":"https:\/\/marking.reiner.de\/fr\/wp-json\/wp\/v2\/media?parent=10313"}],"wp:term":[{"taxonomy":"zubehor-kategorie","embeddable":true,"href":"https:\/\/marking.reiner.de\/fr\/wp-json\/wp\/v2\/zubehor-kategorie?post=10313"},{"taxonomy":"product_brand","embeddable":true,"href":"https:\/\/marking.reiner.de\/fr\/wp-json\/wp\/v2\/product_brand?post=10313"},{"taxonomy":"product_cat","embeddable":true,"href":"https:\/\/marking.reiner.de\/fr\/wp-json\/wp\/v2\/product_cat?post=10313"},{"taxonomy":"product_tag","embeddable":true,"href":"https:\/\/marking.reiner.de\/fr\/wp-json\/wp\/v2\/product_tag?post=10313"}],"curies":[{"name":"wp","href":"https:\/\/api.w.org\/{rel}","templated":true}]}}