{"id":114,"date":"2024-09-26T14:51:38","date_gmt":"2024-09-26T12:51:38","guid":{"rendered":"https:\/\/marking.reiner.de\/?page_id=114"},"modified":"2026-04-16T17:06:55","modified_gmt":"2026-04-16T15:06:55","slug":"mentions-legales","status":"publish","type":"page","link":"https:\/\/marking.reiner.de\/fr\/impressum\/","title":{"rendered":"Mentions l\u00e9gales"},"content":{"rendered":"<p><strong>Ernst REINER\u00ae GmbH &amp; Co. KG<\/strong><br><strong>16, rue Baumann<\/strong><br><strong>78120 Furtwangen<\/strong><\/p>\n\n\n\n<p><strong>T\u00e9l\u00e9phone : +49 7723 657-0<\/strong><br><strong>T\u00e9l\u00e9copieur : +49 7723 657-200<\/strong><br><strong>Courrier \u00e9lectronique : reiner@reiner.de<\/strong><br><strong>www.reiner.de<\/strong><\/p>\n\n\n\n<p><strong>Num\u00e9ro de TVA intracommunautaire : DE 141913179<\/strong><\/p>\n\n\n\n<p><strong>Soci\u00e9t\u00e9 en commandite :<\/strong><br>Si\u00e8ge de Furtwangen, tribunal d'enregistrement de Fribourg HRA 610279<\/p>\n\n\n\n<p>Associ\u00e9 responsable personnellement :<br>REINER\u00ae Verwaltungsgesellschaft mbH, si\u00e8ge : Furtwangen<br>Tribunal d'enregistrement de Fribourg HRB 611029<\/p>\n\n\n\n<p><strong>Directeur g\u00e9n\u00e9ral :<\/strong><br>Frank Stauch<\/p>\n\n\n\n<p><strong>Copyright<\/strong><br>Tous droits r\u00e9serv\u00e9s. Les textes, images et graphiques ainsi que leur disposition sur le site Internet REINER\u00ae sont soumis \u00e0 la protection des droits d'auteur et autres lois de protection. Il est interdit de copier, diffuser, modifier ou rendre accessible \u00e0 des tiers le contenu de ce site web \u00e0 des fins commerciales.<\/p>\n\n\n\n<p><strong>Mention de garantie<\/strong><br>Ce site web a \u00e9t\u00e9 \u00e9labor\u00e9 avec le plus grand soin. REINER\u00ae ne peut toutefois pas garantir l'absence d'erreurs et l'exactitude des informations qu'il contient. REINER\u00ae exclut toute responsabilit\u00e9 pour les dommages r\u00e9sultant directement ou indirectement de l'utilisation de ce site web, dans la mesure o\u00f9 ceux-ci ne sont pas dus \u00e0 une intention ou \u00e0 une n\u00e9gligence grave de REINER\u00ae.<\/p>\n\n\n\n<p><strong>Mentions l\u00e9gales<\/strong><br>REINER\u00ae se r\u00e9jouit de votre visite sur ce site et de l'int\u00e9r\u00eat que vous portez \u00e0 ses produits. Toutes les donn\u00e9es personnelles collect\u00e9es sur le site Internet de REINER\u00ae sont enregistr\u00e9es et trait\u00e9es exclusivement pour votre suivi individuel, l'envoi d'informations sur les produits ou la soumission d'offres de service. REINER\u00ae garantit que vos donn\u00e9es seront trait\u00e9es de mani\u00e8re confidentielle, conform\u00e9ment aux dispositions l\u00e9gales en vigueur en mati\u00e8re de protection des donn\u00e9es. &nbsp;<\/p>\n\n\n\n<p><strong>Responsabilit\u00e9 du contenu<\/strong><br>Le contenu de nos pages a \u00e9t\u00e9 \u00e9labor\u00e9 avec le plus grand soin. Nous ne pouvons toutefois pas garantir l'exactitude, l'exhaustivit\u00e9 et l'actualit\u00e9 des contenus. En tant que prestataire de services, nous sommes responsables de nos propres contenus sur ces pages conform\u00e9ment \u00e0 la l\u00e9gislation g\u00e9n\u00e9rale. En tant que prestataire de services, nous ne sommes toutefois pas tenus de surveiller les informations externes transmises ou enregistr\u00e9es, ni de rechercher les circonstances qui indiquent une activit\u00e9 ill\u00e9gale. L'obligation de supprimer ou de bloquer l'utilisation d'informations conform\u00e9ment aux lois g\u00e9n\u00e9rales reste inchang\u00e9e. Une responsabilit\u00e9 \u00e0 cet \u00e9gard n'est toutefois possible qu'\u00e0 partir du moment o\u00f9 une violation concr\u00e8te de la loi est connue. D\u00e8s la prise de connaissance d'une telle violation, nous supprimerons imm\u00e9diatement les contenus concern\u00e9s.<br><br><strong>Responsabilit\u00e9 pour les liens, les sites Internet de tiers&nbsp;<\/strong><br>Notre offre contient des liens vers des sites web externes de tiers, sur le contenu desquels nous n'avons aucune influence. C'est pourquoi nous ne pouvons pas non plus nous porter garants de ces contenus externes. Le fournisseur ou l'exploitant des pages li\u00e9es est toujours responsable des contenus de ces pages. Les pages li\u00e9es ont \u00e9t\u00e9 contr\u00f4l\u00e9es au moment de la cr\u00e9ation du lien afin de v\u00e9rifier qu'elles ne pr\u00e9sentaient pas d'infraction \u00e0 la loi. Aucun contenu ill\u00e9gal n'a \u00e9t\u00e9 identifi\u00e9 au moment de la cr\u00e9ation du lien. Un contr\u00f4le permanent du contenu des pages li\u00e9es n'est toutefois pas exigible sans indices concrets d'une violation de la loi. D\u00e8s que nous aurons connaissance d'une violation de la loi, nous supprimerons imm\u00e9diatement les liens concern\u00e9s.<\/p>\n\n\n\n<p><strong>Droit d'auteur<\/strong><br>Les contenus et les \u0153uvres cr\u00e9\u00e9s par les exploitants de ces pages sont soumis au droit d'auteur allemand. La reproduction, le traitement, la diffusion et toute forme d'exploitation en dehors des limites du droit d'auteur requi\u00e8rent l'accord \u00e9crit de l'auteur ou du cr\u00e9ateur concern\u00e9. Les t\u00e9l\u00e9chargements et les copies de ce site ne sont autoris\u00e9s que pour un usage priv\u00e9 et non commercial. Dans la mesure o\u00f9 les contenus de cette page n'ont pas \u00e9t\u00e9 cr\u00e9\u00e9s par l'exploitant, les droits d'auteur de tiers sont respect\u00e9s.<br>En particulier, les contenus de tiers sont identifi\u00e9s comme tels. Si vous deviez n\u00e9anmoins constater une violation des droits d'auteur, nous vous prions de nous en informer. D\u00e8s que nous aurons connaissance d'une violation de la loi, nous retirerons imm\u00e9diatement les contenus concern\u00e9s.<\/p>\n\n\n\n<p><strong>Les mentions l\u00e9gales sont \u00e9galement valables pour les profils de m\u00e9dias sociaux suivants<\/strong><\/p>\n\n\n\n<p>LinkedIn :&nbsp;<a href=\"https:\/\/www.linkedin.com\/company\/reiner-furtwangen\/\" target=\"_blank\" rel=\"noopener\">https:\/\/www.linkedin.com\/company\/reiner-furtwangen\/<\/a><br>YouTube :&nbsp;<a href=\"https:\/\/www.youtube.com\/@REINER_de\" target=\"_blank\" rel=\"noopener\">https:\/\/www.youtube.com\/@REINER\u00ae_fr<\/a><br>Instagram :&nbsp;<a href=\"https:\/\/www.instagram.com\/reiner.gruppe\/\" target=\"_blank\" rel=\"noopener\">https:\/\/www.instagram.com\/reiner.gruppe\/<\/a><br>Facebook :&nbsp;<a href=\"https:\/\/www.facebook.com\/p\/Ernst-REINER%C2%AE-GmbH-Co-KG-100083165261012\/?_rdr\" target=\"_blank\" rel=\"noopener\">https:\/\/www.facebook.com\/p\/Ernst-REINER\u00ae-GmbH-Co-KG-100083165261012\/?_rdr<\/a><\/p>\n\n\n\n<p><strong>Cr\u00e9dits photographiques<\/strong><br>\u00a9 Pixel - fotolia.de<\/p>","protected":false},"excerpt":{"rendered":"<p>Ernst REINER\u00ae GmbH &amp; Co. KGBaumannstra\u00dfe 1678120 Furtwangen Telefon: +49 7723 657-0Fax: +49 7723 657-200Email: reiner@reiner.dewww.reiner.de USt-Id: DE 141913179 Kommanditgesellschaft:Sitz Furtwangen, Registergericht Freiburg HRA 610279 Pers\u00f6nlich haftender Gesellschafter:REINER\u00ae Verwaltungsgesellschaft mbH, Sitz: FurtwangenRegistergericht Freiburg HRB 611029 Gesch\u00e4ftsf\u00fchrer:Frank Stauch CopyrightAlle Rechte vorbehalten. Text, Bilder, und Grafiken sowie deren Anordnung auf der REINER\u00ae Website unterliegen dem Schutz des [&hellip;]<\/p>\n","protected":false},"author":1,"featured_media":0,"parent":0,"menu_order":0,"comment_status":"closed","ping_status":"closed","template":"","meta":{"_acf_changed":false,"iawp_total_views":3,"footnotes":""},"pagetyp":[],"class_list":["post-114","page","type-page","status-publish","hentry"],"acf":[],"_links":{"self":[{"href":"https:\/\/marking.reiner.de\/fr\/wp-json\/wp\/v2\/pages\/114","targetHints":{"allow":["GET"]}}],"collection":[{"href":"https:\/\/marking.reiner.de\/fr\/wp-json\/wp\/v2\/pages"}],"about":[{"href":"https:\/\/marking.reiner.de\/fr\/wp-json\/wp\/v2\/types\/page"}],"author":[{"embeddable":true,"href":"https:\/\/marking.reiner.de\/fr\/wp-json\/wp\/v2\/users\/1"}],"replies":[{"embeddable":true,"href":"https:\/\/marking.reiner.de\/fr\/wp-json\/wp\/v2\/comments?post=114"}],"version-history":[{"count":1,"href":"https:\/\/marking.reiner.de\/fr\/wp-json\/wp\/v2\/pages\/114\/revisions"}],"predecessor-version":[{"id":17330,"href":"https:\/\/marking.reiner.de\/fr\/wp-json\/wp\/v2\/pages\/114\/revisions\/17330"}],"wp:attachment":[{"href":"https:\/\/marking.reiner.de\/fr\/wp-json\/wp\/v2\/media?parent=114"}],"wp:term":[{"taxonomy":"pagetyp","embeddable":true,"href":"https:\/\/marking.reiner.de\/fr\/wp-json\/wp\/v2\/pagetyp?post=114"}],"curies":[{"name":"wp","href":"https:\/\/api.w.org\/{rel}","templated":true}]}}