{"id":9576,"date":"2025-12-11T16:45:22","date_gmt":"2025-12-11T15:45:22","guid":{"rendered":"https:\/\/hubble.makeasmile-media.de\/?post_type=product&#038;p=9576"},"modified":"2026-04-08T11:43:59","modified_gmt":"2026-04-08T09:43:59","slug":"escaner-de-codigo-de-barras-para-jetstamp-1025-sense","status":"publish","type":"product","link":"https:\/\/marking.reiner.de\/es\/produkt\/barcode-scanner-fuer-jetstamp-1025-sense\/","title":{"rendered":"Lector de c\u00f3digos de barras 1D\/2D"},"content":{"rendered":"<p data-start=\"1051\" data-end=\"1397\">El esc\u00e1ner de c\u00f3digo de barras acoplable ampl\u00eda el <strong data-start=\"1098\" data-end=\"1122\">jetStamp\u00ae 1025 sense<\/strong> con una potente funci\u00f3n de escaneado para el etiquetado directo m\u00f3vil.<br data-start=\"1196\" data-end=\"1199\" \/>Dice <strong data-start=\"1208\" data-end=\"1228\">C\u00f3digos 1D y 2D<\/strong>, transmite los datos contenidos directamente al dispositivo y permite as\u00ed una <strong data-start=\"1306\" data-end=\"1337\">impresi\u00f3n r\u00e1pida y segura<\/strong> - sin PC, software adicional ni hardware externo.<\/p>\n<p data-start=\"1399\" data-end=\"1564\">Ideal para aplicaciones como <strong data-start=\"1425\" data-end=\"1449\">Etiquetado por lotes<\/strong>, n\u00fameros de serie, c\u00f3digos de art\u00edculo o procesos que requieren documentaci\u00f3n en la industria, la log\u00edstica y la garant\u00eda de calidad.<\/p>\n<ul>\n<li data-start=\"246\" data-end=\"340\">\n<p data-start=\"248\" data-end=\"340\"><strong data-start=\"248\" data-end=\"274\">Transferencia directa de datos<\/strong> - Los c\u00f3digos de barras escaneados se utilizan directamente para imprimir<\/p>\n<\/li>\n<li data-start=\"341\" data-end=\"421\">\n<p data-start=\"343\" data-end=\"421\"><strong data-start=\"343\" data-end=\"366\">Compatible con 1D y 2D<\/strong> - lee con fiabilidad los c\u00f3digos de barras y matriciales m\u00e1s comunes<\/p>\n<\/li>\n<li data-start=\"422\" data-end=\"493\">\n<p data-start=\"424\" data-end=\"493\"><strong data-start=\"424\" data-end=\"439\">Plug and Play<\/strong> - Listo para su uso inmediato, sin PC ni software adicional<\/p>\n<\/li>\n<li data-start=\"494\" data-end=\"568\">\n<p data-start=\"496\" data-end=\"568\"><strong data-start=\"496\" data-end=\"509\">Eficaz<\/strong> - Reduce la introducci\u00f3n manual y los errores t\u00edpicos de introducci\u00f3n<\/p>\n<\/li>\n<li data-start=\"569\" data-end=\"643\">\n<p data-start=\"571\" data-end=\"643\"><strong data-start=\"571\" data-end=\"590\">Sistema optimizado<\/strong> - especialmente adaptado al sentido jetStamp\u00ae 1025<\/p>\n<\/li>\n<li data-start=\"644\" data-end=\"739\">\n<p data-start=\"646\" data-end=\"739\"><strong data-start=\"646\" data-end=\"663\">Fiabilidad del proceso<\/strong> - Transferencia de datos reproducible para aplicaciones que requieren documentaci\u00f3n<\/p>\n<\/li>\n<\/ul>\n<p data-start=\"722\" data-end=\"1016\">","protected":false},"excerpt":{"rendered":"<p>Der aufsteckbare Barcode Scanner erweitert den jetStamp\u00ae 1025 sense um eine leistungsstarke Scan-Funktion f\u00fcr die mobile Direktkennzeichnung.Er liest 1D- und 2D-Codes, \u00fcbertr\u00e4gt die enthaltenen Daten direkt an das Ger\u00e4t und erm\u00f6glicht so einen schnellen, sicheren Abdruck \u2013 ganz ohne PC, zus\u00e4tzliche Software oder externe Hardware. Ideal f\u00fcr Anwendungen wie Chargenkennzeichnung, Seriennummern, Artikelcodes oder dokumentationspflichtige Prozesse [&hellip;]<\/p>\n","protected":false},"featured_media":13557,"comment_status":"closed","ping_status":"closed","template":"","meta":{"_acf_changed":false,"iawp_total_views":21},"zubehor-kategorie":[134],"product_brand":[],"product_cat":[58,39],"product_tag":[],"class_list":{"0":"post-9576","1":"product","2":"type-product","3":"status-publish","4":"has-post-thumbnail","6":"zubehor-kategorie-sensorik","7":"product_cat-jetstamp-1025-sense","8":"product_cat-zubehoer","10":"first","11":"instock","12":"shipping-taxable","13":"product-type-simple"},"acf":[],"_links":{"self":[{"href":"https:\/\/marking.reiner.de\/es\/wp-json\/wp\/v2\/product\/9576","targetHints":{"allow":["GET"]}}],"collection":[{"href":"https:\/\/marking.reiner.de\/es\/wp-json\/wp\/v2\/product"}],"about":[{"href":"https:\/\/marking.reiner.de\/es\/wp-json\/wp\/v2\/types\/product"}],"replies":[{"embeddable":true,"href":"https:\/\/marking.reiner.de\/es\/wp-json\/wp\/v2\/comments?post=9576"}],"wp:featuredmedia":[{"embeddable":true,"href":"https:\/\/marking.reiner.de\/es\/wp-json\/wp\/v2\/media\/13557"}],"wp:attachment":[{"href":"https:\/\/marking.reiner.de\/es\/wp-json\/wp\/v2\/media?parent=9576"}],"wp:term":[{"taxonomy":"zubehor-kategorie","embeddable":true,"href":"https:\/\/marking.reiner.de\/es\/wp-json\/wp\/v2\/zubehor-kategorie?post=9576"},{"taxonomy":"product_brand","embeddable":true,"href":"https:\/\/marking.reiner.de\/es\/wp-json\/wp\/v2\/product_brand?post=9576"},{"taxonomy":"product_cat","embeddable":true,"href":"https:\/\/marking.reiner.de\/es\/wp-json\/wp\/v2\/product_cat?post=9576"},{"taxonomy":"product_tag","embeddable":true,"href":"https:\/\/marking.reiner.de\/es\/wp-json\/wp\/v2\/product_tag?post=9576"}],"curies":[{"name":"wp","href":"https:\/\/api.w.org\/{rel}","templated":true}]}}