{"id":1363,"date":"2025-02-27T15:07:07","date_gmt":"2025-02-27T14:07:07","guid":{"rendered":"https:\/\/hubble.makeasmile-media.de\/?post_type=product&#038;p=1363"},"modified":"2026-04-14T08:21:40","modified_gmt":"2026-04-14T06:21:40","slug":"jetstamp-1025-sense","status":"publish","type":"product","link":"https:\/\/marking.reiner.de\/es\/produkt\/jetstamp-1025-sense\/","title":{"rendered":"jetStamp\u00ae 1025 sense"},"content":{"rendered":"<p data-start=\"467\" data-end=\"814\">En <strong data-start=\"471\" data-end=\"495\">jetStamp\u00ae 1025 sense<\/strong> es la soluci\u00f3n m\u00f3vil de impresi\u00f3n directa para <strong data-start=\"533\" data-end=\"577\">Medici\u00f3n y etiquetado basado en se\u00f1ales<\/strong>. Ampl\u00eda la <a href=\"https:\/\/marking.reiner.de\/es\/product\/jetstamp1025\/\">jetStamp\u00ae 1025<\/a> para un <strong data-start=\"621\" data-end=\"657\">Interfaz de sensor integrada<\/strong> y lo hace posible, <strong data-start=\"677\" data-end=\"720\">Valores medidos, se\u00f1ales o datos escaneados<\/strong> directamente en el lugar de origen <strong data-start=\"746\" data-end=\"813\">imprimir autom\u00e1ticamente en documentos, contenedores o superficies<\/strong>.<\/p>\n<p data-start=\"816\" data-end=\"1108\">Los sensores conectados activan la presi\u00f3n de forma autom\u00e1tica y precisa. Ideal para <strong data-start=\"934\" data-end=\"1002\">Tareas de medici\u00f3n, procedimientos de ensayo y procesos que requieren documentaci\u00f3n<\/strong> en la industria, la log\u00edstica y la garant\u00eda de calidad - <strong data-start=\"1051\" data-end=\"1107\">M\u00f3vil, r\u00e1pido y sin PC ni dispositivos externos<\/strong>.<\/p>\n<p><strong>\u00bfPor qu\u00e9 jetStamp\u00ae 1025 tiene sentido?<\/strong><\/p>\n<ul>\n<li>\n<p data-pm-slice=\"0 0 []\">Imprimir los valores medidos directamente en el lugar de medici\u00f3n<\/p>\n<\/li>\n<li>\n<p data-pm-slice=\"0 0 []\">Interfaz de sensor integrada para se\u00f1ales externas<\/p>\n<\/li>\n<li>\n<p data-pm-slice=\"0 0 []\">Disparo preciso a trav\u00e9s de la se\u00f1al del sensor<\/p>\n<\/li>\n<li>\n<p data-pm-slice=\"0 0 []\">100 % m\u00f3vil: no necesita PC ni dispositivos externos<\/p>\n<\/li>\n<li>\n<p data-pm-slice=\"0 0 []\">M\u00e1x. Tama\u00f1o de impresi\u00f3n: 85 \u00d7 26 mm (\u2248 1\u2033), ampliable a 2\u2033.<\/p>\n<\/li>\n<li>\n<p data-pm-slice=\"0 0 []\">Ideal para pruebas, mediciones y procesos en serie<\/p>\n<\/li>\n<\/ul>","protected":false},"excerpt":{"rendered":"<p>Der jetStamp\u00ae 1025 sense ist die mobile Direktdruckl\u00f6sung f\u00fcr mess- und signalbasierte Kennzeichnungen. Er erweitert den jetStamp\u00ae 1025 um eine integrierte Sensor-Schnittstelle und erm\u00f6glicht es, Messwerte, Signale oder gescannte Daten direkt am Entstehungsort automatisch auf Dokumente, Beh\u00e4lter oder Oberfl\u00e4chen zu drucken. Angeschlossene Sensoren l\u00f6sen den Druck automatisch und pr\u00e4zise aus. Ideal f\u00fcr Messaufgaben, Pr\u00fcfvorg\u00e4nge und [&hellip;]<\/p>\n","protected":false},"featured_media":13584,"comment_status":"closed","ping_status":"closed","template":"","meta":{"_acf_changed":false,"iawp_total_views":49},"zubehor-kategorie":[],"product_brand":[],"product_cat":[58,40],"product_tag":[],"class_list":{"0":"post-1363","1":"product","2":"type-product","3":"status-publish","4":"has-post-thumbnail","6":"product_cat-jetstamp-1025-sense","7":"product_cat-marking-devices","9":"first","10":"instock","11":"shipping-taxable","12":"product-type-simple"},"acf":[],"_links":{"self":[{"href":"https:\/\/marking.reiner.de\/es\/wp-json\/wp\/v2\/product\/1363","targetHints":{"allow":["GET"]}}],"collection":[{"href":"https:\/\/marking.reiner.de\/es\/wp-json\/wp\/v2\/product"}],"about":[{"href":"https:\/\/marking.reiner.de\/es\/wp-json\/wp\/v2\/types\/product"}],"replies":[{"embeddable":true,"href":"https:\/\/marking.reiner.de\/es\/wp-json\/wp\/v2\/comments?post=1363"}],"wp:featuredmedia":[{"embeddable":true,"href":"https:\/\/marking.reiner.de\/es\/wp-json\/wp\/v2\/media\/13584"}],"wp:attachment":[{"href":"https:\/\/marking.reiner.de\/es\/wp-json\/wp\/v2\/media?parent=1363"}],"wp:term":[{"taxonomy":"zubehor-kategorie","embeddable":true,"href":"https:\/\/marking.reiner.de\/es\/wp-json\/wp\/v2\/zubehor-kategorie?post=1363"},{"taxonomy":"product_brand","embeddable":true,"href":"https:\/\/marking.reiner.de\/es\/wp-json\/wp\/v2\/product_brand?post=1363"},{"taxonomy":"product_cat","embeddable":true,"href":"https:\/\/marking.reiner.de\/es\/wp-json\/wp\/v2\/product_cat?post=1363"},{"taxonomy":"product_tag","embeddable":true,"href":"https:\/\/marking.reiner.de\/es\/wp-json\/wp\/v2\/product_tag?post=1363"}],"curies":[{"name":"wp","href":"https:\/\/api.w.org\/{rel}","templated":true}]}}