{"id":1361,"date":"2025-02-27T15:05:32","date_gmt":"2025-02-27T14:05:32","guid":{"rendered":"https:\/\/hubble.makeasmile-media.de\/?post_type=product&#038;p=1361"},"modified":"2026-04-17T13:18:19","modified_gmt":"2026-04-17T11:18:19","slug":"jetstamp-990","status":"publish","type":"product","link":"https:\/\/marking.reiner.de\/es\/produkt\/jetstamp-990\/","title":{"rendered":"jetStamp\u00ae 990"},"content":{"rendered":"<p>El pr\u00e1ctico codificador para fecha, hora, n\u00fameros y textos cortos. Ideal para lotes, fechas de caducidad, envases de alimentos, documentos y cajas peque\u00f1as.<\/p>\n<p><strong>\u00bfPor qu\u00e9 jetStamp 990?<\/strong><\/p>\n<ul>\n<li>Menos de 1 segundo por impresi\u00f3n<\/li>\n<li>Ideal para superficies de impresi\u00f3n peque\u00f1as<\/li>\n<li>Muy pr\u00e1ctico y ligero<\/li>\n<li>Impresi\u00f3n en papel, cart\u00f3n, vidrio, metal, etiquetas y pl\u00e1stico<\/li>\n<li>F\u00e1cil manejo y cambio r\u00e1pido de soportes<\/li>\n<\/ul>","protected":false},"excerpt":{"rendered":"<p>Der handliche Codierer f\u00fcr Datum, Uhrzeit, Nummern &amp; Kurztexte. Ideal f\u00fcr Chargen, MHD, Lebensmittelverpackungen, Dokumente und kleine Kartons. Warum jetStamp 990? Unter 1 Sekunde je Abdruck Ideal f\u00fcr kleine Druckfl\u00e4chen Sehr handlich &amp; leicht Druck auf Papier, Karton, Glas, Metall, Etiketten &amp; Kunststoff Einfaches Handling &amp; schneller Medienwechsel<\/p>","protected":false},"featured_media":13576,"comment_status":"closed","ping_status":"closed","template":"","meta":{"_acf_changed":false,"iawp_total_views":8},"zubehor-kategorie":[],"product_brand":[],"product_cat":[59,40],"product_tag":[],"class_list":{"0":"post-1361","1":"product","2":"type-product","3":"status-publish","4":"has-post-thumbnail","6":"product_cat-jetstamp-990","7":"product_cat-marking-devices","9":"first","10":"instock","11":"shipping-taxable","12":"product-type-simple"},"acf":[],"_links":{"self":[{"href":"https:\/\/marking.reiner.de\/es\/wp-json\/wp\/v2\/product\/1361","targetHints":{"allow":["GET"]}}],"collection":[{"href":"https:\/\/marking.reiner.de\/es\/wp-json\/wp\/v2\/product"}],"about":[{"href":"https:\/\/marking.reiner.de\/es\/wp-json\/wp\/v2\/types\/product"}],"replies":[{"embeddable":true,"href":"https:\/\/marking.reiner.de\/es\/wp-json\/wp\/v2\/comments?post=1361"}],"wp:featuredmedia":[{"embeddable":true,"href":"https:\/\/marking.reiner.de\/es\/wp-json\/wp\/v2\/media\/13576"}],"wp:attachment":[{"href":"https:\/\/marking.reiner.de\/es\/wp-json\/wp\/v2\/media?parent=1361"}],"wp:term":[{"taxonomy":"zubehor-kategorie","embeddable":true,"href":"https:\/\/marking.reiner.de\/es\/wp-json\/wp\/v2\/zubehor-kategorie?post=1361"},{"taxonomy":"product_brand","embeddable":true,"href":"https:\/\/marking.reiner.de\/es\/wp-json\/wp\/v2\/product_brand?post=1361"},{"taxonomy":"product_cat","embeddable":true,"href":"https:\/\/marking.reiner.de\/es\/wp-json\/wp\/v2\/product_cat?post=1361"},{"taxonomy":"product_tag","embeddable":true,"href":"https:\/\/marking.reiner.de\/es\/wp-json\/wp\/v2\/product_tag?post=1361"}],"curies":[{"name":"wp","href":"https:\/\/api.w.org\/{rel}","templated":true}]}}