{"id":1294,"date":"2025-02-26T13:01:06","date_gmt":"2025-02-26T12:01:06","guid":{"rendered":"https:\/\/hubble.makeasmile-media.de\/?post_type=product&#038;p=1294"},"modified":"2026-04-17T13:11:00","modified_gmt":"2026-04-17T11:11:00","slug":"jetstamp1025","status":"publish","type":"product","link":"https:\/\/marking.reiner.de\/es\/produkt\/jetstamp1025\/","title":{"rendered":"jetStamp\u00ae 1025"},"content":{"rendered":"<p data-start=\"733\" data-end=\"1046\">En <strong data-start=\"737\" data-end=\"755\">jetStamp\u00ae 1025<\/strong> es el dispositivo m\u00f3vil de codificaci\u00f3n de la <strong data-start=\"799\" data-end=\"851\">Impresi\u00f3n directa de informaci\u00f3n variable sin etiqueta<\/strong>. Los textos, c\u00f3digos de barras, logotipos, n\u00fameros de serie, fecha, hora y etiquetado de lotes son <strong data-start=\"920\" data-end=\"991\">directamente sobre cart\u00f3n, madera, metal, vidrio, pl\u00e1stico y otros materiales<\/strong> impreso - <strong data-start=\"1003\" data-end=\"1045\">sin movimiento, sin instalaci\u00f3n fija<\/strong>.<\/p>\n<p data-start=\"1048\" data-end=\"1295\">Ideal para <strong data-start=\"1058\" data-end=\"1150\">Log\u00edstica, industria, etiquetado de alimentos, procesamiento de metales y aplicaciones especiales<\/strong>, donde se requiera un etiquetado flexible y cambiante. La impresi\u00f3n se realiza <strong data-start=\"1216\" data-end=\"1234\">con solo pulsar un bot\u00f3n<\/strong>, r\u00e1pido, limpio y reproducible <strong data-start=\"1273\" data-end=\"1294\">directamente en el producto<\/strong>.<\/p>\n<p><strong>\u00bfPor qu\u00e9 jetStamp 1025?<\/strong><\/p>\n<ul>\n<li data-start=\"1228\" data-end=\"1256\">100 % para uso m\u00f3vil<\/li>\n<li data-start=\"1259\" data-end=\"1305\">Impresi\u00f3n directa sin movimiento con s\u00f3lo pulsar un bot\u00f3n<\/li>\n<li data-start=\"1308\" data-end=\"1379\">Impresi\u00f3n de datos variables (textos, c\u00f3digos de barras, n\u00fameros, fecha, hora)<\/li>\n<li data-start=\"1382\" data-end=\"1446\">\u00c1rea de impresi\u00f3n amplia y flexible para objetos peque\u00f1os y grandes<\/li>\n<li data-start=\"1449\" data-end=\"1491\">Funcionamiento intuitivo guiado por pantalla<\/li>\n<li data-start=\"1494\" data-end=\"1546\">Para m\u00e1s de 200 im\u00e1genes impresas<\/li>\n<li data-start=\"1549\" data-end=\"1634\">M\u00e1x. Tama\u00f1o de impresi\u00f3n: 85 \u00d7 26 mm (\u2248 1\u2033) - ampliable a 2\u2033 con accesorios a juego.<\/li>\n<\/ul>","protected":false},"excerpt":{"rendered":"<p>Der jetStamp\u00ae 1025 ist das mobile Codierger\u00e4t f\u00fcr den Direktdruck variabler Informationen ohne Etikett. Texte, Barcodes, Logos, laufende Nummern, Datum, Uhrzeit und Chargenkennzeichnungen werden direkt auf Karton, Holz, Metall, Glas, Kunststoff und weitere Materialien gedruckt \u2013 ohne Bewegung, ohne feste Installation. Ideal f\u00fcr Logistik, Industrie, Lebensmittelkennzeichnung, Metallverarbeitung und Sonderanwendungen, bei denen flexible, wechselnde Kennzeichnungen gefragt [&hellip;]<\/p>\n","protected":false},"featured_media":13583,"comment_status":"closed","ping_status":"closed","template":"","meta":{"_acf_changed":false,"iawp_total_views":41},"zubehor-kategorie":[],"product_brand":[],"product_cat":[61,40],"product_tag":[],"class_list":{"0":"post-1294","1":"product","2":"type-product","3":"status-publish","4":"has-post-thumbnail","6":"product_cat-jetstamp1025","7":"product_cat-marking-devices","9":"first","10":"instock","11":"shipping-taxable","12":"product-type-simple"},"acf":[],"_links":{"self":[{"href":"https:\/\/marking.reiner.de\/es\/wp-json\/wp\/v2\/product\/1294","targetHints":{"allow":["GET"]}}],"collection":[{"href":"https:\/\/marking.reiner.de\/es\/wp-json\/wp\/v2\/product"}],"about":[{"href":"https:\/\/marking.reiner.de\/es\/wp-json\/wp\/v2\/types\/product"}],"replies":[{"embeddable":true,"href":"https:\/\/marking.reiner.de\/es\/wp-json\/wp\/v2\/comments?post=1294"}],"wp:featuredmedia":[{"embeddable":true,"href":"https:\/\/marking.reiner.de\/es\/wp-json\/wp\/v2\/media\/13583"}],"wp:attachment":[{"href":"https:\/\/marking.reiner.de\/es\/wp-json\/wp\/v2\/media?parent=1294"}],"wp:term":[{"taxonomy":"zubehor-kategorie","embeddable":true,"href":"https:\/\/marking.reiner.de\/es\/wp-json\/wp\/v2\/zubehor-kategorie?post=1294"},{"taxonomy":"product_brand","embeddable":true,"href":"https:\/\/marking.reiner.de\/es\/wp-json\/wp\/v2\/product_brand?post=1294"},{"taxonomy":"product_cat","embeddable":true,"href":"https:\/\/marking.reiner.de\/es\/wp-json\/wp\/v2\/product_cat?post=1294"},{"taxonomy":"product_tag","embeddable":true,"href":"https:\/\/marking.reiner.de\/es\/wp-json\/wp\/v2\/product_tag?post=1294"}],"curies":[{"name":"wp","href":"https:\/\/api.w.org\/{rel}","templated":true}]}}