{"id":11957,"date":"2026-01-20T08:54:39","date_gmt":"2026-01-20T07:54:39","guid":{"rendered":"https:\/\/marking.reiner.de\/?post_type=product&#038;p=11957"},"modified":"2026-04-17T13:03:22","modified_gmt":"2026-04-17T11:03:22","slug":"funda-protectora-de-silicona","status":"publish","type":"product","link":"https:\/\/marking.reiner.de\/es\/produkt\/schutzhuelle-silikon\/","title":{"rendered":"Funda protectora de silicona"},"content":{"rendered":"<p><strong>M\u00e1xima protecci\u00f3n para su jetStamp\u00ae 1025 y 1025 sense<\/strong><\/p>\n<p>La funda protectora de silicona para jetStamp\u00ae 1025 y 1025 sense protege su dispositivo de forma fiable contra el polvo, la suciedad y los golpes. Fabricada con silicona industrial duradera, garantiza un uso resistente en la producci\u00f3n, el almac\u00e9n y la log\u00edstica: ergon\u00f3mica, higi\u00e9nica y con un ajuste perfecto.<\/p>\n<p><strong>\u00bfPor qu\u00e9 la funda protectora de silicona?<\/strong><\/p>\n<ul>\n<li>M\u00e1xima protecci\u00f3n: protege tu dispositivo de forma fiable contra el polvo, la suciedad y los golpes.<\/li>\n<li>Silicona de alta calidad: material apto para uso industrial, robusto, duradero y resistente.<\/li>\n<li>Dise\u00f1o ergon\u00f3mico: se adapta perfectamente a la mano sin afectar al manejo.<\/li>\n<li>Forma perfecta: especialmente dise\u00f1ado para el jetStamp\u00ae 1025 \/ 1025 sense.<\/li>\n<\/ul>","protected":false},"excerpt":{"rendered":"<p>Maximaler Schutz f\u00fcr Ihren jetStamp\u00ae 1025 und 1025 sense Die Silikon-Schutzh\u00fclle f\u00fcr jetStamp\u00ae 1025 und 1025 sense sch\u00fctzt Ihr Ger\u00e4t zuverl\u00e4ssig vor Staub, Schmutz und St\u00f6\u00dfen. Gefertigt aus langlebigem Industriesilikon sorgt sie f\u00fcr robusten Einsatz in Produktion, Lager und Logistik \u2013 ergonomisch, hygienisch und passgenau. Warum die Silikon-Schutzh\u00fclle? Maximaler Schutz &#8211; Bewahrt Ihr Ger\u00e4t zuverl\u00e4ssig [&hellip;]<\/p>\n","protected":false},"featured_media":13440,"comment_status":"closed","ping_status":"closed","template":"","meta":{"_acf_changed":false,"iawp_total_views":3},"zubehor-kategorie":[135],"product_brand":[],"product_cat":[39,58,61],"product_tag":[],"class_list":{"0":"post-11957","1":"product","2":"type-product","3":"status-publish","4":"has-post-thumbnail","6":"zubehor-kategorie-schutz","7":"product_cat-zubehoer","8":"product_cat-jetstamp-1025-sense","9":"product_cat-jetstamp1025","11":"first","12":"instock","13":"shipping-taxable","14":"product-type-simple"},"acf":[],"_links":{"self":[{"href":"https:\/\/marking.reiner.de\/es\/wp-json\/wp\/v2\/product\/11957","targetHints":{"allow":["GET"]}}],"collection":[{"href":"https:\/\/marking.reiner.de\/es\/wp-json\/wp\/v2\/product"}],"about":[{"href":"https:\/\/marking.reiner.de\/es\/wp-json\/wp\/v2\/types\/product"}],"replies":[{"embeddable":true,"href":"https:\/\/marking.reiner.de\/es\/wp-json\/wp\/v2\/comments?post=11957"}],"wp:featuredmedia":[{"embeddable":true,"href":"https:\/\/marking.reiner.de\/es\/wp-json\/wp\/v2\/media\/13440"}],"wp:attachment":[{"href":"https:\/\/marking.reiner.de\/es\/wp-json\/wp\/v2\/media?parent=11957"}],"wp:term":[{"taxonomy":"zubehor-kategorie","embeddable":true,"href":"https:\/\/marking.reiner.de\/es\/wp-json\/wp\/v2\/zubehor-kategorie?post=11957"},{"taxonomy":"product_brand","embeddable":true,"href":"https:\/\/marking.reiner.de\/es\/wp-json\/wp\/v2\/product_brand?post=11957"},{"taxonomy":"product_cat","embeddable":true,"href":"https:\/\/marking.reiner.de\/es\/wp-json\/wp\/v2\/product_cat?post=11957"},{"taxonomy":"product_tag","embeddable":true,"href":"https:\/\/marking.reiner.de\/es\/wp-json\/wp\/v2\/product_tag?post=11957"}],"curies":[{"name":"wp","href":"https:\/\/api.w.org\/{rel}","templated":true}]}}