{"id":10435,"date":"2025-12-16T15:41:54","date_gmt":"2025-12-16T14:41:54","guid":{"rendered":"https:\/\/hubble.makeasmile-media.de\/?post_type=product&#038;p=10435"},"modified":"2026-04-08T11:50:09","modified_gmt":"2026-04-08T09:50:09","slug":"estacion-de-impresion-de-papel-ps04","status":"publish","type":"product","link":"https:\/\/marking.reiner.de\/es\/produkt\/druckstation-papier-ps04\/","title":{"rendered":"Papel de la estaci\u00f3n de impresi\u00f3n PS04"},"content":{"rendered":"<p data-start=\"653\" data-end=\"889\">En <strong data-start=\"657\" data-end=\"712\">Dispositivo de impresi\u00f3n autom\u00e1tica para el jetStamp\u00ae 990<\/strong> permite el etiquetado coherente y reproducible de documentos, formularios y envases de cart\u00f3n hasta <strong data-start=\"822\" data-end=\"845\">2 mm de grosor del material<\/strong> - sin desbloqueo manual y sin etiquetado.<\/p>\n<p data-start=\"891\" data-end=\"1208\">Los documentos se insertan simplemente, se alinean con precisi\u00f3n y luego <strong data-start=\"967\" data-end=\"991\">impreso autom\u00e1ticamente<\/strong>. La impresi\u00f3n se realiza siempre en una posici\u00f3n fija, independientemente del formato o del tipo de documento. Esto crea <strong data-start=\"1100\" data-end=\"1158\">resultados de impresi\u00f3n de alta calidad y a prueba de manchas<\/strong>, incluso para tareas de etiquetado recurrentes.<\/p>\n<p data-start=\"1210\" data-end=\"1573\">Gracias a su dise\u00f1o compacto, el dispositivo de impresi\u00f3n puede utilizarse de forma flexible: directamente en el lugar de trabajo, en la zona de entrada de correo, en la zona de suministro de material o incluso <strong data-start=\"1371\" data-end=\"1387\">Montaje en pared<\/strong>. Est\u00e1 especialmente indicado para aplicaciones en <strong data-start=\"1434\" data-end=\"1510\">Procesos de administraci\u00f3n, recepci\u00f3n de mercanc\u00edas, garant\u00eda de calidad y documentaci\u00f3n<\/strong>, donde se requiera fiabilidad y seguridad de proceso.<\/p>\n<p data-start=\"1575\" data-end=\"1793\">El dispositivo de impresi\u00f3n autom\u00e1tica complementa el jetStamp\u00ae 990 con un <strong data-start=\"1643\" data-end=\"1697\">Soluci\u00f3n fija para flujos de trabajo estructurados<\/strong> - F\u00e1cil de manejar, precisa en el posicionamiento y fiable en el uso diario.<\/p>\n<h3 data-start=\"1800\" data-end=\"1828\">Las ventajas de un vistazo<\/h3>\n<ul data-start=\"1830\" data-end=\"2142\">\n<li data-start=\"1830\" data-end=\"1887\">\n<p data-start=\"1832\" data-end=\"1887\">Liberaci\u00f3n autom\u00e1tica al insertar el documento<\/p>\n<\/li>\n<li data-start=\"1888\" data-end=\"1939\">\n<p data-start=\"1890\" data-end=\"1939\">Posici\u00f3n de impresi\u00f3n constante a unos 6 mm del borde<\/p>\n<\/li>\n<li data-start=\"1940\" data-end=\"1980\">\n<p data-start=\"1942\" data-end=\"1980\">Impresiones reproducibles y resistentes a las manchas<\/p>\n<\/li>\n<li data-start=\"1981\" data-end=\"2031\">\n<p data-start=\"1983\" data-end=\"2031\">Apto para papel, cart\u00f3n y cartulina de hasta 2 mm<\/p>\n<\/li>\n<li data-start=\"2032\" data-end=\"2089\">\n<p data-start=\"2034\" data-end=\"2089\">Uso flexible en el puesto de trabajo o montado en la pared<\/p>\n<\/li>\n<li data-start=\"2090\" data-end=\"2142\">\n<p data-start=\"2092\" data-end=\"2142\">Ideal para administraci\u00f3n, control de calidad, correo y entrada de mercanc\u00edas<\/p>\n<\/li>\n<\/ul>","protected":false},"excerpt":{"rendered":"<p>Die automatische Druckvorrichtung f\u00fcr den jetStamp\u00ae 990 erm\u00f6glicht eine gleichm\u00e4\u00dfige und reproduzierbare Kennzeichnung von Dokumenten, Formularen und Kartonagen bis 2 mm Materialst\u00e4rke \u2013 ohne manuelles Ausl\u00f6sen und ohne Etikett. Dokumente werden einfach eingeschoben, exakt ausgerichtet und beim Anschlag automatisch bedruckt. Der Abdruck erfolgt stets in einer festen Position, unabh\u00e4ngig von Format oder Dokumententyp. So entstehen [&hellip;]<\/p>\n","protected":false},"featured_media":13470,"comment_status":"closed","ping_status":"closed","template":"","meta":{"_acf_changed":false,"iawp_total_views":0},"zubehor-kategorie":[132],"product_brand":[],"product_cat":[39,59],"product_tag":[],"class_list":{"0":"post-10435","1":"product","2":"type-product","3":"status-publish","4":"has-post-thumbnail","6":"zubehor-kategorie-automatisierung","7":"product_cat-zubehoer","8":"product_cat-jetstamp-990","10":"first","11":"instock","12":"shipping-taxable","13":"product-type-simple"},"acf":[],"_links":{"self":[{"href":"https:\/\/marking.reiner.de\/es\/wp-json\/wp\/v2\/product\/10435","targetHints":{"allow":["GET"]}}],"collection":[{"href":"https:\/\/marking.reiner.de\/es\/wp-json\/wp\/v2\/product"}],"about":[{"href":"https:\/\/marking.reiner.de\/es\/wp-json\/wp\/v2\/types\/product"}],"replies":[{"embeddable":true,"href":"https:\/\/marking.reiner.de\/es\/wp-json\/wp\/v2\/comments?post=10435"}],"wp:featuredmedia":[{"embeddable":true,"href":"https:\/\/marking.reiner.de\/es\/wp-json\/wp\/v2\/media\/13470"}],"wp:attachment":[{"href":"https:\/\/marking.reiner.de\/es\/wp-json\/wp\/v2\/media?parent=10435"}],"wp:term":[{"taxonomy":"zubehor-kategorie","embeddable":true,"href":"https:\/\/marking.reiner.de\/es\/wp-json\/wp\/v2\/zubehor-kategorie?post=10435"},{"taxonomy":"product_brand","embeddable":true,"href":"https:\/\/marking.reiner.de\/es\/wp-json\/wp\/v2\/product_brand?post=10435"},{"taxonomy":"product_cat","embeddable":true,"href":"https:\/\/marking.reiner.de\/es\/wp-json\/wp\/v2\/product_cat?post=10435"},{"taxonomy":"product_tag","embeddable":true,"href":"https:\/\/marking.reiner.de\/es\/wp-json\/wp\/v2\/product_tag?post=10435"}],"curies":[{"name":"wp","href":"https:\/\/api.w.org\/{rel}","templated":true}]}}