{"id":10422,"date":"2025-12-16T15:28:12","date_gmt":"2025-12-16T14:28:12","guid":{"rendered":"https:\/\/hubble.makeasmile-media.de\/?post_type=product&#038;p=10422"},"modified":"2026-04-08T11:45:02","modified_gmt":"2026-04-08T09:45:02","slug":"clip-de-precision-cap990","status":"publish","type":"product","link":"https:\/\/marking.reiner.de\/es\/produkt\/praezisions-clip-cap990\/","title":{"rendered":"Pinza de precisi\u00f3n CAP990"},"content":{"rendered":"<p data-start=\"1144\" data-end=\"1465\">Der Pr\u00e4zisions-Clip CAP990 erweitert den REINER jetStamp\u00ae 990 um eine pr\u00e4zise gef\u00fchrte Druckl\u00f6sung. Er ist die ideale Erg\u00e4nzung f\u00fcr Anwendungen, bei denen exakte Druckpositionen auf Beuteln, gew\u00f6lbten oder unebenen Oberfl\u00e4chen erforderlich sind \u2013 z. B. in der Verpackungs-, Lebensmittel-, Elektronik- oder Medizintechnik.<\/p>\n<p data-start=\"1470\" data-end=\"1737\">Die integrierte Tintenwanne h\u00e4lt die Druckd\u00fcse jederzeit in optimalem Zustand. So entstehen gleichbleibend gestochen scharfe Abdrucke, verstopfte D\u00fcsen werden vermieden und der Reinigungsaufwand deutlich reduziert \u2013 f\u00fcr zuverl\u00e4ssige Druckqualit\u00e4t bei jeder Anwendung.<\/p>\n<p data-start=\"1470\" data-end=\"1737\">Einfach anclippen \u2013 fertig. Kein Werkzeug, keine Montage, kein Umr\u00fcsten.<\/p>\n<h6 data-start=\"787\" data-end=\"810\">Warum Prezisions-Clip?<\/h6>\n<ul>\n<li><strong>Pr\u00e4zision auf jedem Material<\/strong><br \/>\nStabile F\u00fchrung f\u00fcr punktgenaue, wiederholbare Abdrucke \u2013 auch auf unebenen Materialien, Beuteln und gew\u00f6lbten Fl\u00e4chen.<\/li>\n<li><strong>Konstante Druckqualit\u00e4t<br \/>\n<\/strong>Die integrierte Tintenwanne h\u00e4lt die D\u00fcsen sauber und funktionsbereit \u2013 f\u00fcr dauerhaft gleichm\u00e4\u00dfige, scharfe Druckbilder.<\/li>\n<li><strong>Einfaches Clip-on-Design<\/strong><br \/>\nDer CAP990 l\u00e4sst sich in Sekunden anbringen \u2013 ganz ohne Werkzeug oder Umr\u00fcsten. Das Ger\u00e4t bleibt einsatzbereit f\u00fcr Abdruck und Reinigung.<\/li>\n<li><strong>Maximale Flexibilit\u00e4t im mobilen Einsatz<\/strong><br \/>\nDer CAP990 ersetzt die Basisstation. Der jetStamp\u00ae 990 bleibt vollst\u00e4ndig mobil \u2013 ideal f\u00fcr Kennzeichnungen in Lager, Produktion oder Versand.<\/li>\n<\/ul>","protected":false},"excerpt":{"rendered":"<p>Der Pr\u00e4zisions-Clip CAP990 erweitert den REINER jetStamp\u00ae 990 um eine pr\u00e4zise gef\u00fchrte Druckl\u00f6sung. Er ist die ideale Erg\u00e4nzung f\u00fcr Anwendungen, bei denen exakte Druckpositionen auf Beuteln, gew\u00f6lbten oder unebenen Oberfl\u00e4chen erforderlich sind \u2013 z. B. in der Verpackungs-, Lebensmittel-, Elektronik- oder Medizintechnik. Die integrierte Tintenwanne h\u00e4lt die Druckd\u00fcse jederzeit in optimalem Zustand. So entstehen gleichbleibend [&hellip;]<\/p>\n","protected":false},"featured_media":13547,"comment_status":"closed","ping_status":"closed","template":"","meta":{"_acf_changed":false,"iawp_total_views":2},"zubehor-kategorie":[131],"product_brand":[],"product_cat":[39,59],"product_tag":[],"class_list":{"0":"post-10422","1":"product","2":"type-product","3":"status-publish","4":"has-post-thumbnail","6":"zubehor-kategorie-positionierung","7":"product_cat-zubehoer","8":"product_cat-jetstamp-990","10":"first","11":"instock","12":"shipping-taxable","13":"product-type-simple"},"acf":[],"_links":{"self":[{"href":"https:\/\/marking.reiner.de\/es\/wp-json\/wp\/v2\/product\/10422","targetHints":{"allow":["GET"]}}],"collection":[{"href":"https:\/\/marking.reiner.de\/es\/wp-json\/wp\/v2\/product"}],"about":[{"href":"https:\/\/marking.reiner.de\/es\/wp-json\/wp\/v2\/types\/product"}],"replies":[{"embeddable":true,"href":"https:\/\/marking.reiner.de\/es\/wp-json\/wp\/v2\/comments?post=10422"}],"wp:featuredmedia":[{"embeddable":true,"href":"https:\/\/marking.reiner.de\/es\/wp-json\/wp\/v2\/media\/13547"}],"wp:attachment":[{"href":"https:\/\/marking.reiner.de\/es\/wp-json\/wp\/v2\/media?parent=10422"}],"wp:term":[{"taxonomy":"zubehor-kategorie","embeddable":true,"href":"https:\/\/marking.reiner.de\/es\/wp-json\/wp\/v2\/zubehor-kategorie?post=10422"},{"taxonomy":"product_brand","embeddable":true,"href":"https:\/\/marking.reiner.de\/es\/wp-json\/wp\/v2\/product_brand?post=10422"},{"taxonomy":"product_cat","embeddable":true,"href":"https:\/\/marking.reiner.de\/es\/wp-json\/wp\/v2\/product_cat?post=10422"},{"taxonomy":"product_tag","embeddable":true,"href":"https:\/\/marking.reiner.de\/es\/wp-json\/wp\/v2\/product_tag?post=10422"}],"curies":[{"name":"wp","href":"https:\/\/api.w.org\/{rel}","templated":true}]}}