{"id":10402,"date":"2025-12-16T14:45:12","date_gmt":"2025-12-16T13:45:12","guid":{"rendered":"https:\/\/hubble.makeasmile-media.de\/?post_type=product&#038;p=10402"},"modified":"2026-04-08T11:48:41","modified_gmt":"2026-04-08T09:48:41","slug":"conmutador-de-pedal","status":"publish","type":"product","link":"https:\/\/marking.reiner.de\/es\/produkt\/fussschalter\/","title":{"rendered":"Interruptor de pedal jetStamp"},"content":{"rendered":"<p data-start=\"500\" data-end=\"780\">Der Fu\u00dfschalter erm\u00f6glicht die externe Ausl\u00f6sung des Drucks per Fu\u00df oder Hand und eignet sich ideal f\u00fcr Arbeitspl\u00e4tze, an denen das Kennzeichnungsger\u00e4t in einer Halterung oder Vorrichtung eingesetzt wird. Er unterst\u00fctzt ergonomische, effiziente Arbeitsabl\u00e4ufe und ist kompatibel mit allen REINER Kennzeichnungsger\u00e4ten au\u00dfer dem speed-i-Jet 798.<\/p>\n<p data-start=\"787\" data-end=\"810\"><strong>Warum Fu\u00dfschalter?<\/strong><\/p>\n<ul>\n<li data-start=\"1023\" data-end=\"1074\">\n<p data-start=\"1025\" data-end=\"1074\">Freih\u00e4ndiges Arbeiten bei festen Arbeitspl\u00e4tzen<\/p>\n<\/li>\n<li data-start=\"1075\" data-end=\"1132\">\n<p data-start=\"1077\" data-end=\"1132\">Einfache Integration in Vorrichtungen und Halterungen<\/p>\n<\/li>\n<li data-start=\"1133\" data-end=\"1182\">\n<p data-start=\"1135\" data-end=\"1182\">Ergonomische Druckausl\u00f6sung per Fu\u00df oder Hand<\/p>\n<\/li>\n<li data-start=\"1183\" data-end=\"1231\">\n<p data-start=\"1185\" data-end=\"1231\">Passend f\u00fcr jetStamp\u00ae 1025 und jetStamp\u00ae 990<\/p>\n<\/li>\n<\/ul>","protected":false},"excerpt":{"rendered":"<p>Der Fu\u00dfschalter erm\u00f6glicht die externe Ausl\u00f6sung des Drucks per Fu\u00df oder Hand und eignet sich ideal f\u00fcr Arbeitspl\u00e4tze, an denen das Kennzeichnungsger\u00e4t in einer Halterung oder Vorrichtung eingesetzt wird. Er unterst\u00fctzt ergonomische, effiziente Arbeitsabl\u00e4ufe und ist kompatibel mit allen REINER Kennzeichnungsger\u00e4ten au\u00dfer dem speed-i-Jet 798. Warum Fu\u00dfschalter? Freih\u00e4ndiges Arbeiten bei festen Arbeitspl\u00e4tzen Einfache Integration in [&hellip;]<\/p>\n","protected":false},"featured_media":13450,"comment_status":"closed","ping_status":"closed","template":"","meta":{"_acf_changed":false,"iawp_total_views":0},"zubehor-kategorie":[132],"product_brand":[],"product_cat":[39,58,59,62,61],"product_tag":[],"class_list":{"0":"post-10402","1":"product","2":"type-product","3":"status-publish","4":"has-post-thumbnail","6":"zubehor-kategorie-automatisierung","7":"product_cat-zubehoer","8":"product_cat-jetstamp-1025-sense","9":"product_cat-jetstamp-990","10":"product_cat-jetstamp-graphic-970","11":"product_cat-jetstamp1025","13":"first","14":"instock","15":"shipping-taxable","16":"product-type-simple"},"acf":[],"_links":{"self":[{"href":"https:\/\/marking.reiner.de\/es\/wp-json\/wp\/v2\/product\/10402","targetHints":{"allow":["GET"]}}],"collection":[{"href":"https:\/\/marking.reiner.de\/es\/wp-json\/wp\/v2\/product"}],"about":[{"href":"https:\/\/marking.reiner.de\/es\/wp-json\/wp\/v2\/types\/product"}],"replies":[{"embeddable":true,"href":"https:\/\/marking.reiner.de\/es\/wp-json\/wp\/v2\/comments?post=10402"}],"wp:featuredmedia":[{"embeddable":true,"href":"https:\/\/marking.reiner.de\/es\/wp-json\/wp\/v2\/media\/13450"}],"wp:attachment":[{"href":"https:\/\/marking.reiner.de\/es\/wp-json\/wp\/v2\/media?parent=10402"}],"wp:term":[{"taxonomy":"zubehor-kategorie","embeddable":true,"href":"https:\/\/marking.reiner.de\/es\/wp-json\/wp\/v2\/zubehor-kategorie?post=10402"},{"taxonomy":"product_brand","embeddable":true,"href":"https:\/\/marking.reiner.de\/es\/wp-json\/wp\/v2\/product_brand?post=10402"},{"taxonomy":"product_cat","embeddable":true,"href":"https:\/\/marking.reiner.de\/es\/wp-json\/wp\/v2\/product_cat?post=10402"},{"taxonomy":"product_tag","embeddable":true,"href":"https:\/\/marking.reiner.de\/es\/wp-json\/wp\/v2\/product_tag?post=10402"}],"curies":[{"name":"wp","href":"https:\/\/api.w.org\/{rel}","templated":true}]}}