{"id":10396,"date":"2025-12-16T14:38:36","date_gmt":"2025-12-16T13:38:36","guid":{"rendered":"https:\/\/hubble.makeasmile-media.de\/?post_type=product&#038;p=10396"},"modified":"2026-04-08T11:49:09","modified_gmt":"2026-04-08T09:49:09","slug":"estacion-de-impresion-de-papel-ps12","status":"publish","type":"product","link":"https:\/\/marking.reiner.de\/es\/produkt\/druckstation-papier-ps12\/","title":{"rendered":"Papel de la estaci\u00f3n de impresi\u00f3n PS12"},"content":{"rendered":"<p data-start=\"804\" data-end=\"1109\">Die Druckstation mit automatischer Ausl\u00f6sung erm\u00f6glicht das einfache und gleichm\u00e4\u00dfige Bedrucken von Papier, Pappe und Karton bis DIN A4. Dokumente oder Umverpackungen werden eingeschoben, exakt positioniert und am Anschlag automatisch bedruckt \u2013 reproduzierbar, wischfest und in gleichbleibender Qualit\u00e4t.<\/p>\n<p data-start=\"1111\" data-end=\"1455\">Dank verstellbarem Druckspalt von 0,5 bis 7,5 mm eignet sich die Druckstation f\u00fcr unterschiedliche Materialst\u00e4rken und flexible Einschubvarianten. Mit ihren kompakten Abmessungen l\u00e4sst sie sich direkt am Arbeitsplatz, in der Materialbereitstellung oder im Posteingang platzieren und unterst\u00fctzt strukturierte, effiziente Kennzeichnungsprozesse.<\/p>\n<p data-start=\"787\" data-end=\"810\"><strong>\u00bfPor qu\u00e9 imprimir la estaci\u00f3n?<\/strong><\/p>\n<ul>\n<li data-start=\"1510\" data-end=\"1569\">\n<p data-start=\"1512\" data-end=\"1569\">Automatische Druckausl\u00f6sung f\u00fcr gleichm\u00e4\u00dfige Ergebnisse<\/p>\n<\/li>\n<li data-start=\"1570\" data-end=\"1622\">\n<p data-start=\"1572\" data-end=\"1622\">Geeignet f\u00fcr Papier, Pappe und Karton bis DIN A4<\/p>\n<\/li>\n<li data-start=\"1623\" data-end=\"1694\">\n<p data-start=\"1625\" data-end=\"1694\">Variable Einschubm\u00f6glichkeiten f\u00fcr unterschiedliche Materialst\u00e4rken<\/p>\n<\/li>\n<li data-start=\"1695\" data-end=\"1731\">\n<p data-start=\"1697\" data-end=\"1731\">Einfache Bedienung ohne Umr\u00fcsten<\/p>\n<\/li>\n<li data-start=\"1732\" data-end=\"1775\">\n<p data-start=\"1734\" data-end=\"1775\">Optimiert f\u00fcr effiziente Arbeitsabl\u00e4ufe<\/p>\n<\/li>\n<\/ul>","protected":false},"excerpt":{"rendered":"<p>Die Druckstation mit automatischer Ausl\u00f6sung erm\u00f6glicht das einfache und gleichm\u00e4\u00dfige Bedrucken von Papier, Pappe und Karton bis DIN A4. Dokumente oder Umverpackungen werden eingeschoben, exakt positioniert und am Anschlag automatisch bedruckt \u2013 reproduzierbar, wischfest und in gleichbleibender Qualit\u00e4t. Dank verstellbarem Druckspalt von 0,5 bis 7,5 mm eignet sich die Druckstation f\u00fcr unterschiedliche Materialst\u00e4rken und flexible [&hellip;]<\/p>\n","protected":false},"featured_media":13455,"comment_status":"closed","ping_status":"closed","template":"","meta":{"_acf_changed":false,"iawp_total_views":0},"zubehor-kategorie":[132],"product_brand":[],"product_cat":[39,58,61],"product_tag":[],"class_list":{"0":"post-10396","1":"product","2":"type-product","3":"status-publish","4":"has-post-thumbnail","6":"zubehor-kategorie-automatisierung","7":"product_cat-zubehoer","8":"product_cat-jetstamp-1025-sense","9":"product_cat-jetstamp1025","11":"first","12":"instock","13":"shipping-taxable","14":"product-type-simple"},"acf":[],"_links":{"self":[{"href":"https:\/\/marking.reiner.de\/es\/wp-json\/wp\/v2\/product\/10396","targetHints":{"allow":["GET"]}}],"collection":[{"href":"https:\/\/marking.reiner.de\/es\/wp-json\/wp\/v2\/product"}],"about":[{"href":"https:\/\/marking.reiner.de\/es\/wp-json\/wp\/v2\/types\/product"}],"replies":[{"embeddable":true,"href":"https:\/\/marking.reiner.de\/es\/wp-json\/wp\/v2\/comments?post=10396"}],"wp:featuredmedia":[{"embeddable":true,"href":"https:\/\/marking.reiner.de\/es\/wp-json\/wp\/v2\/media\/13455"}],"wp:attachment":[{"href":"https:\/\/marking.reiner.de\/es\/wp-json\/wp\/v2\/media?parent=10396"}],"wp:term":[{"taxonomy":"zubehor-kategorie","embeddable":true,"href":"https:\/\/marking.reiner.de\/es\/wp-json\/wp\/v2\/zubehor-kategorie?post=10396"},{"taxonomy":"product_brand","embeddable":true,"href":"https:\/\/marking.reiner.de\/es\/wp-json\/wp\/v2\/product_brand?post=10396"},{"taxonomy":"product_cat","embeddable":true,"href":"https:\/\/marking.reiner.de\/es\/wp-json\/wp\/v2\/product_cat?post=10396"},{"taxonomy":"product_tag","embeddable":true,"href":"https:\/\/marking.reiner.de\/es\/wp-json\/wp\/v2\/product_tag?post=10396"}],"curies":[{"name":"wp","href":"https:\/\/api.w.org\/{rel}","templated":true}]}}