{"id":10335,"date":"2025-12-16T11:49:31","date_gmt":"2025-12-16T10:49:31","guid":{"rendered":"https:\/\/hubble.makeasmile-media.de\/?post_type=product&#038;p=10335"},"modified":"2026-04-08T11:46:20","modified_gmt":"2026-04-08T09:46:20","slug":"almohadilla-adhesiva-de-extension-de-impresora-de-2-pulgadas","status":"publish","type":"product","link":"https:\/\/marking.reiner.de\/es\/produkt\/2-zoll-druckerweiterung-haftbelag\/","title":{"rendered":"Extensi\u00f3n de impresora de 2 pulgadas Revestimiento adhesivo"},"content":{"rendered":"<p data-start=\"500\" data-end=\"780\">Die 2-Zoll-Druckerweiterung Haftbelag ist Ihr zuverl\u00e4ssiger Partner f\u00fcr pr\u00e4zise Drucke auf glatten und flachen Oberfl\u00e4chen in der Industrie. Speziell entwickelt f\u00fcr die Kennzeichnung von EPAL Europaletten, erm\u00f6glicht sie klare Abdr\u00fccke mit einer H\u00f6he von 52 mm (2 Zoll). Die Druckerweiterung ist vielseitig einsetzbar und eignet sich ideal f\u00fcr alle Industrieumgebungen, in denen glatte und flache Fl\u00e4chen beschriftet werden m\u00fcssen. Sie sorgt f\u00fcr pr\u00e4zise Abdr\u00fccke mit einer H\u00f6he von 52 mm bzw. 2 Zoll.<\/p>\n<p data-start=\"787\" data-end=\"810\"><strong>Warum 2-Zoll-Druckerweiterung Haftbelag?<\/strong><\/p>\n<ul>\n<li><strong>EPAL autorizado:<\/strong>\u00a0Perfecto para europal\u00e9s con marcas de c\u00f3digo QR.<\/li>\n<li><strong>Altura \u00f3ptima de impresi\u00f3n:<\/strong> Con una altura de impresi\u00f3n de 52 mm (2 pulgadas), ideal para etiquetados de mayor tama\u00f1o.<\/li>\n<li><strong>Fijaci\u00f3n fuerte en superficies lisas:<\/strong> Der spezielle Haftbelag sorgt daf\u00fcr, dass die Druckerweiterung sicher an Ort und Stelle bleibt.<\/li>\n<li><strong>Compatibilidad:<\/strong>\u00a0Puede utilizarse con el\u00a0<i class=\"jtstmp\">jetStamp\u00ae<\/i>\u00a01025, no es necesario adquirir ning\u00fan dispositivo adicional.<\/li>\n<li><strong>Robusto y duradero:<\/strong> Aus Metall gefertigt, ist die Druckerweiterung besonders widerstandsf\u00e4hig.<\/li>\n<li><strong>Funcionamiento sencillo:<\/strong>\u00a0Crea tus im\u00e1genes de impresi\u00f3n sin esfuerzo con el software gr\u00e1fico PCset.<\/li>\n<li><strong>Grandes \u00e1reas de impresi\u00f3n:\u00a0<\/strong>Perfecto para letras m\u00e1s grandes en superficies lisas y planas.<\/li>\n<li><strong>Amplia gama de aplicaciones:<\/strong>\u00a0Ideal para imprimir n\u00fameros, letras, s\u00edmbolos, logotipos y marcas especiales como EPAL, IPPC y c\u00f3digos QR.<\/li>\n<\/ul>","protected":false},"excerpt":{"rendered":"<p>Die 2-Zoll-Druckerweiterung Haftbelag ist Ihr zuverl\u00e4ssiger Partner f\u00fcr pr\u00e4zise Drucke auf glatten und flachen Oberfl\u00e4chen in der Industrie. Speziell entwickelt f\u00fcr die Kennzeichnung von EPAL Europaletten, erm\u00f6glicht sie klare Abdr\u00fccke mit einer H\u00f6he von 52 mm (2 Zoll). Die Druckerweiterung ist vielseitig einsetzbar und eignet sich ideal f\u00fcr alle Industrieumgebungen, in denen glatte und flache [&hellip;]<\/p>\n","protected":false},"featured_media":13549,"comment_status":"closed","ping_status":"closed","template":"","meta":{"_acf_changed":false,"iawp_total_views":0},"zubehor-kategorie":[131],"product_brand":[],"product_cat":[39,58,61],"product_tag":[],"class_list":{"0":"post-10335","1":"product","2":"type-product","3":"status-publish","4":"has-post-thumbnail","6":"zubehor-kategorie-positionierung","7":"product_cat-zubehoer","8":"product_cat-jetstamp-1025-sense","9":"product_cat-jetstamp1025","11":"first","12":"instock","13":"shipping-taxable","14":"product-type-simple"},"acf":[],"_links":{"self":[{"href":"https:\/\/marking.reiner.de\/es\/wp-json\/wp\/v2\/product\/10335","targetHints":{"allow":["GET"]}}],"collection":[{"href":"https:\/\/marking.reiner.de\/es\/wp-json\/wp\/v2\/product"}],"about":[{"href":"https:\/\/marking.reiner.de\/es\/wp-json\/wp\/v2\/types\/product"}],"replies":[{"embeddable":true,"href":"https:\/\/marking.reiner.de\/es\/wp-json\/wp\/v2\/comments?post=10335"}],"wp:featuredmedia":[{"embeddable":true,"href":"https:\/\/marking.reiner.de\/es\/wp-json\/wp\/v2\/media\/13549"}],"wp:attachment":[{"href":"https:\/\/marking.reiner.de\/es\/wp-json\/wp\/v2\/media?parent=10335"}],"wp:term":[{"taxonomy":"zubehor-kategorie","embeddable":true,"href":"https:\/\/marking.reiner.de\/es\/wp-json\/wp\/v2\/zubehor-kategorie?post=10335"},{"taxonomy":"product_brand","embeddable":true,"href":"https:\/\/marking.reiner.de\/es\/wp-json\/wp\/v2\/product_brand?post=10335"},{"taxonomy":"product_cat","embeddable":true,"href":"https:\/\/marking.reiner.de\/es\/wp-json\/wp\/v2\/product_cat?post=10335"},{"taxonomy":"product_tag","embeddable":true,"href":"https:\/\/marking.reiner.de\/es\/wp-json\/wp\/v2\/product_tag?post=10335"}],"curies":[{"name":"wp","href":"https:\/\/api.w.org\/{rel}","templated":true}]}}