{"id":10326,"date":"2025-12-16T11:35:11","date_gmt":"2025-12-16T10:35:11","guid":{"rendered":"https:\/\/hubble.makeasmile-media.de\/?post_type=product&#038;p=10326"},"modified":"2026-04-08T11:51:08","modified_gmt":"2026-04-08T09:51:08","slug":"maleta-jetsafe-basic","status":"publish","type":"product","link":"https:\/\/marking.reiner.de\/es\/produkt\/koffer-jetsafe-basic\/","title":{"rendered":"Malet\u00edn jetSafe BASIC"},"content":{"rendered":"<p data-start=\"500\" data-end=\"780\">El pr\u00e1ctico malet\u00edn de polipropileno resistente sirve para transportar y guardar de forma segura los dispositivos de etiquetado REINER\u00ae. El inserto de espuma ofrece compartimentos adecuados para el dispositivo de etiquetado, as\u00ed como para los accesorios del dispositivo. De este modo, no s\u00f3lo todas las piezas tienen un lugar adecuado en el malet\u00edn de transporte, sino que el usuario puede encontrar enseguida lo que busca gracias a la clara organizaci\u00f3n. Esto ahorra tiempo y facilita mucho el trabajo.<\/p>\n<h6 data-start=\"787\" data-end=\"810\">Warum der Koffer jetSafe Basic?<\/h6>\n<ul>\n<li>Sicherer Schutz &amp; Ordnung im robusten Koffer<\/li>\n<li>Kompakt, leicht zu transportieren<\/li>\n<li>Ideal f\u00fcr Produktion, Lager &amp; Au\u00dfeneins\u00e4tze<\/li>\n<\/ul>","protected":false},"excerpt":{"rendered":"<p>Der praktische Koffer aus stabilem Polypropylen dient zum sicheren Transport und Aufbewahrung von REINER\u00ae Kennzeichnungsger\u00e4ten. Die gesch\u00e4umte Einlage bietet passende F\u00e4cher f\u00fcr das Kennzeichnungsger\u00e4t sowie auch f\u00fcr das Ger\u00e4tezubeh\u00f6r. So finden im Transportkoffer nicht nur alle Teile ihren geeigneten Platz, sondern der Anwender findet aufgrund der \u00dcbersichtlichkeit auf Anhieb was er sucht. Das spart Zeit [&hellip;]<\/p>\n","protected":false},"featured_media":13486,"comment_status":"closed","ping_status":"closed","template":"","meta":{"_acf_changed":false,"iawp_total_views":0},"zubehor-kategorie":[135,133],"product_brand":[],"product_cat":[39,59,62,61],"product_tag":[],"class_list":{"0":"post-10326","1":"product","2":"type-product","3":"status-publish","4":"has-post-thumbnail","6":"zubehor-kategorie-schutz","7":"zubehor-kategorie-transport","8":"product_cat-zubehoer","9":"product_cat-jetstamp-990","10":"product_cat-jetstamp-graphic-970","11":"product_cat-jetstamp1025","13":"first","14":"instock","15":"shipping-taxable","16":"product-type-simple"},"acf":[],"_links":{"self":[{"href":"https:\/\/marking.reiner.de\/es\/wp-json\/wp\/v2\/product\/10326","targetHints":{"allow":["GET"]}}],"collection":[{"href":"https:\/\/marking.reiner.de\/es\/wp-json\/wp\/v2\/product"}],"about":[{"href":"https:\/\/marking.reiner.de\/es\/wp-json\/wp\/v2\/types\/product"}],"replies":[{"embeddable":true,"href":"https:\/\/marking.reiner.de\/es\/wp-json\/wp\/v2\/comments?post=10326"}],"wp:featuredmedia":[{"embeddable":true,"href":"https:\/\/marking.reiner.de\/es\/wp-json\/wp\/v2\/media\/13486"}],"wp:attachment":[{"href":"https:\/\/marking.reiner.de\/es\/wp-json\/wp\/v2\/media?parent=10326"}],"wp:term":[{"taxonomy":"zubehor-kategorie","embeddable":true,"href":"https:\/\/marking.reiner.de\/es\/wp-json\/wp\/v2\/zubehor-kategorie?post=10326"},{"taxonomy":"product_brand","embeddable":true,"href":"https:\/\/marking.reiner.de\/es\/wp-json\/wp\/v2\/product_brand?post=10326"},{"taxonomy":"product_cat","embeddable":true,"href":"https:\/\/marking.reiner.de\/es\/wp-json\/wp\/v2\/product_cat?post=10326"},{"taxonomy":"product_tag","embeddable":true,"href":"https:\/\/marking.reiner.de\/es\/wp-json\/wp\/v2\/product_tag?post=10326"}],"curies":[{"name":"wp","href":"https:\/\/api.w.org\/{rel}","templated":true}]}}