{"id":10313,"date":"2025-12-16T11:09:55","date_gmt":"2025-12-16T10:09:55","guid":{"rendered":"https:\/\/hubble.makeasmile-media.de\/?post_type=product&#038;p=10313"},"modified":"2026-04-08T11:50:41","modified_gmt":"2026-04-08T09:50:41","slug":"maleta-jetsafe-pro","status":"publish","type":"product","link":"https:\/\/marking.reiner.de\/es\/produkt\/koffer-jetsafe-pro\/","title":{"rendered":"Malet\u00edn jetSafe PRO"},"content":{"rendered":"<p data-start=\"500\" data-end=\"780\">Ya sea en movilidad, de viaje o para guardarlo de forma segura, la funda protectora jetSafe PRO ofrece una protecci\u00f3n fiable para su\u00a0<i class=\"jtstmp\">jetStamp\u00ae<\/i>\u00a01025\u00a0\/\u00a0<i class=\"jtstmp\">jetStamp\u00ae<\/i>\u00a01025 sensey los accesorios asociados.<br \/>\nGracias a su dise\u00f1o extremadamente robusto, protege su dispositivo de los golpes, el polvo y los elementos, lo que la convierte en la soluci\u00f3n perfecta para cualquiera que priorice la seguridad y la durabilidad.<\/p>\n<p data-start=\"787\" data-end=\"810\"><strong>\u00bfPor qu\u00e9 la maleta jetSafe PRO?<\/strong><\/p>\n<ul>\n<li>Organizaci\u00f3n interior flexible: la rejilla de espuma puede ajustarse individualmente para que su equipo quede almacenado de forma segura y precisa.<\/li>\n<li>Extremadamente robusto: resistente a los golpes, al agua y al polvo para su uso en entornos exigentes<\/li>\n<li>Sostenible y duradero - Fabricado con pl\u00e1stico reciclado 100 %, respetuoso con el medio ambiente y especialmente resistente.<\/li>\n<li>Aeronavegabilidad: una v\u00e1lvula autom\u00e1tica de compensaci\u00f3n de la presi\u00f3n garantiza la seguridad del transporte a\u00e9reo.<\/li>\n<li>Seguridad adicional: los ojales para candados permiten guardar el dispositivo de forma segura.<\/li>\n<\/ul>","protected":false},"excerpt":{"rendered":"<p>Gracias a su dise\u00f1o extremadamente robusto, protege su dispositivo de los golpes, el polvo y los elementos, lo que la convierte en la soluci\u00f3n perfecta para cualquiera que priorice la seguridad y la durabilidad.<\/p>","protected":false},"featured_media":13473,"comment_status":"closed","ping_status":"closed","template":"","meta":{"_acf_changed":false,"iawp_total_views":1},"zubehor-kategorie":[135,133],"product_brand":[],"product_cat":[39,58,61],"product_tag":[],"class_list":{"0":"post-10313","1":"product","2":"type-product","3":"status-publish","4":"has-post-thumbnail","6":"zubehor-kategorie-schutz","7":"zubehor-kategorie-transport","8":"product_cat-zubehoer","9":"product_cat-jetstamp-1025-sense","10":"product_cat-jetstamp1025","12":"first","13":"instock","14":"shipping-taxable","15":"product-type-simple"},"acf":[],"_links":{"self":[{"href":"https:\/\/marking.reiner.de\/es\/wp-json\/wp\/v2\/product\/10313","targetHints":{"allow":["GET"]}}],"collection":[{"href":"https:\/\/marking.reiner.de\/es\/wp-json\/wp\/v2\/product"}],"about":[{"href":"https:\/\/marking.reiner.de\/es\/wp-json\/wp\/v2\/types\/product"}],"replies":[{"embeddable":true,"href":"https:\/\/marking.reiner.de\/es\/wp-json\/wp\/v2\/comments?post=10313"}],"wp:featuredmedia":[{"embeddable":true,"href":"https:\/\/marking.reiner.de\/es\/wp-json\/wp\/v2\/media\/13473"}],"wp:attachment":[{"href":"https:\/\/marking.reiner.de\/es\/wp-json\/wp\/v2\/media?parent=10313"}],"wp:term":[{"taxonomy":"zubehor-kategorie","embeddable":true,"href":"https:\/\/marking.reiner.de\/es\/wp-json\/wp\/v2\/zubehor-kategorie?post=10313"},{"taxonomy":"product_brand","embeddable":true,"href":"https:\/\/marking.reiner.de\/es\/wp-json\/wp\/v2\/product_brand?post=10313"},{"taxonomy":"product_cat","embeddable":true,"href":"https:\/\/marking.reiner.de\/es\/wp-json\/wp\/v2\/product_cat?post=10313"},{"taxonomy":"product_tag","embeddable":true,"href":"https:\/\/marking.reiner.de\/es\/wp-json\/wp\/v2\/product_tag?post=10313"}],"curies":[{"name":"wp","href":"https:\/\/api.w.org\/{rel}","templated":true}]}}