{"id":114,"date":"2024-09-26T14:51:38","date_gmt":"2024-09-26T12:51:38","guid":{"rendered":"https:\/\/marking.reiner.de\/?page_id=114"},"modified":"2026-04-16T17:06:55","modified_gmt":"2026-04-16T15:06:55","slug":"imprimir","status":"publish","type":"page","link":"https:\/\/marking.reiner.de\/es\/impressum\/","title":{"rendered":"Pie de imprenta"},"content":{"rendered":"<p><strong>Ernst REINER\u00ae GmbH &amp; Co. KG<\/strong><br><strong>Baumannstrasse 16<\/strong><br><strong>78120 Furtwangen<\/strong><\/p>\n\n\n\n<p><strong>Tel\u00e9fono: +49 7723 657-0<\/strong><br><strong>Fax: +49 7723 657-200<\/strong><br><strong>Correo electr\u00f3nico: reiner@reiner.de<\/strong><br><strong>www.reiner.de<\/strong><\/p>\n\n\n\n<p><strong>CIF: DE 141913179<\/strong><\/p>\n\n\n\n<p><strong>Sociedad comanditaria:<\/strong><br>Domicilio social Furtwangen, Tribunal de Registro de Friburgo HRA 610279<\/p>\n\n\n\n<p>Socio personalmente responsable:<br>REINER\u00ae Verwaltungsgesellschaft mbH, domicilio social: Furtwangen<br>Tribunal de registro de Friburgo HRB 611029<\/p>\n\n\n\n<p><strong>Director General:<\/strong><br>Frank Stauch<\/p>\n\n\n\n<p><strong>Copyright<\/strong><br>Todos los derechos reservados. El texto, las im\u00e1genes y los gr\u00e1ficos, as\u00ed como su disposici\u00f3n en el sitio web de REINER\u00ae est\u00e1n protegidos por derechos de autor y otras leyes de protecci\u00f3n. El contenido de este sitio web no puede copiarse, distribuirse, modificarse ni hacerse accesible a terceros con fines comerciales.<\/p>\n\n\n\n<p><strong>Referencia de la garant\u00eda<\/strong><br>Este sitio web ha sido elaborado con el mayor cuidado posible. No obstante, REINER\u00ae no puede garantizar la correcci\u00f3n y exactitud de la informaci\u00f3n que contiene. REINER\u00ae excluye cualquier responsabilidad por da\u00f1os derivados directa o indirectamente del uso de este sitio web, a menos que se basen en dolo o negligencia grave por parte de REINER\u00ae.<\/p>\n\n\n\n<p><strong>Informaci\u00f3n jur\u00eddica<\/strong><br>REINER\u00ae agradece su visita a este sitio web y su inter\u00e9s por sus productos. Todos los datos personales recogidos en el sitio web de REINER\u00ae se almacenar\u00e1n y procesar\u00e1n exclusivamente con el fin de proporcionarle asistencia personalizada, enviarle informaci\u00f3n sobre productos o presentarle ofertas de servicios. REINER\u00ae garantiza que sus datos ser\u00e1n tratados confidencialmente de conformidad con la normativa aplicable en materia de protecci\u00f3n de datos. &nbsp;<\/p>\n\n\n\n<p><strong>Responsabilidad por el contenido<\/strong><br>Los contenidos de nuestras p\u00e1ginas se han elaborado con el mayor esmero. Sin embargo, no podemos asumir ninguna responsabilidad por la exactitud, integridad y actualidad de los contenidos. Como proveedor de servicios, somos responsables de nuestros propios contenidos en estas p\u00e1ginas de acuerdo con la legislaci\u00f3n general. Sin embargo, como proveedor de servicios, no estamos obligados a controlar la informaci\u00f3n de terceros transmitida o almacenada ni a investigar circunstancias que indiquen una actividad ilegal. Esto no afecta a las obligaciones de eliminar o bloquear el uso de informaci\u00f3n de acuerdo con la legislaci\u00f3n general. Sin embargo, la responsabilidad a este respecto s\u00f3lo es posible a partir del momento en que se tiene conocimiento de una infracci\u00f3n concreta. En cuanto tengamos conocimiento de tales infracciones, eliminaremos inmediatamente estos contenidos.<br><br><strong>Responsabilidad por enlaces, sitios web de terceros&nbsp;<\/strong><br>Nuestro sitio web contiene enlaces a sitios web externos de terceros sobre cuyo contenido no tenemos ninguna influencia. Por lo tanto, no podemos aceptar ninguna responsabilidad por este contenido de terceros. El respectivo proveedor u operador de las p\u00e1ginas es siempre responsable del contenido de las p\u00e1ginas enlazadas. Las p\u00e1ginas enlazadas fueron revisadas en el momento de su vinculaci\u00f3n para detectar posibles infracciones legales. En el momento de establecer el enlace no se detectaron contenidos ilegales. Sin embargo, no es razonable un control permanente de los contenidos de las p\u00e1ginas enlazadas sin pruebas concretas de una infracci\u00f3n. Si tenemos conocimiento de alguna infracci\u00f3n legal, eliminaremos dichos enlaces inmediatamente.<\/p>\n\n\n\n<p><strong>Copyright<\/strong><br>Los contenidos y obras creados por los operadores de estas p\u00e1ginas est\u00e1n sujetos a la legislaci\u00f3n alemana sobre derechos de autor. La reproducci\u00f3n, el procesamiento, la distribuci\u00f3n y cualquier tipo de utilizaci\u00f3n fuera de los l\u00edmites de la ley de derechos de autor requieren el consentimiento por escrito del autor o creador correspondiente. Las descargas y copias de este sitio s\u00f3lo est\u00e1n permitidas para uso privado y no comercial. En la medida en que el contenido de este sitio no haya sido creado por el operador, se respetar\u00e1n los derechos de autor de terceros.<br>En particular, los contenidos de terceros est\u00e1n etiquetados como tales. No obstante, si tiene conocimiento de una infracci\u00f3n de los derechos de autor, le rogamos que nos lo comunique. Si tenemos conocimiento de alguna infracci\u00f3n, eliminaremos dicho contenido inmediatamente.<\/p>\n\n\n\n<p><strong>El aviso legal tambi\u00e9n se aplica a los siguientes perfiles de redes sociales<\/strong><\/p>\n\n\n\n<p>LinkedIn:&nbsp;<a href=\"https:\/\/www.linkedin.com\/company\/reiner-furtwangen\/\" target=\"_blank\" rel=\"noopener\">https:\/\/www.linkedin.com\/company\/reiner-furtwangen\/<\/a><br>YouTube:&nbsp;<a href=\"https:\/\/www.youtube.com\/@REINER_de\" target=\"_blank\" rel=\"noopener\">https:\/\/www.youtube.com\/@REINER\u00ae_es<\/a><br>Instagram:&nbsp;<a href=\"https:\/\/www.instagram.com\/reiner.gruppe\/\" target=\"_blank\" rel=\"noopener\">https:\/\/www.instagram.com\/reiner.gruppe\/<\/a><br>Facebook:&nbsp;<a href=\"https:\/\/www.facebook.com\/p\/Ernst-REINER%C2%AE-GmbH-Co-KG-100083165261012\/?_rdr\" target=\"_blank\" rel=\"noopener\">https:\/\/www.facebook.com\/p\/Ernst-REINER\u00ae-GmbH-Co-KG-100083165261012\/?_rdr<\/a><\/p>\n\n\n\n<p><strong>Cr\u00e9ditos de las im\u00e1genes<\/strong><br>\u00a9 Pixel - fotolia.de<\/p>","protected":false},"excerpt":{"rendered":"<p>Ernst REINER\u00ae GmbH &amp; Co. KGBaumannstra\u00dfe 1678120 Furtwangen Telefon: +49 7723 657-0Fax: +49 7723 657-200Email: reiner@reiner.dewww.reiner.de USt-Id: DE 141913179 Kommanditgesellschaft:Sitz Furtwangen, Registergericht Freiburg HRA 610279 Pers\u00f6nlich haftender Gesellschafter:REINER\u00ae Verwaltungsgesellschaft mbH, Sitz: FurtwangenRegistergericht Freiburg HRB 611029 Gesch\u00e4ftsf\u00fchrer:Frank Stauch CopyrightAlle Rechte vorbehalten. Text, Bilder, und Grafiken sowie deren Anordnung auf der REINER\u00ae Website unterliegen dem Schutz des [&hellip;]<\/p>\n","protected":false},"author":1,"featured_media":0,"parent":0,"menu_order":0,"comment_status":"closed","ping_status":"closed","template":"","meta":{"_acf_changed":false,"iawp_total_views":3,"footnotes":""},"pagetyp":[],"class_list":["post-114","page","type-page","status-publish","hentry"],"acf":[],"_links":{"self":[{"href":"https:\/\/marking.reiner.de\/es\/wp-json\/wp\/v2\/pages\/114","targetHints":{"allow":["GET"]}}],"collection":[{"href":"https:\/\/marking.reiner.de\/es\/wp-json\/wp\/v2\/pages"}],"about":[{"href":"https:\/\/marking.reiner.de\/es\/wp-json\/wp\/v2\/types\/page"}],"author":[{"embeddable":true,"href":"https:\/\/marking.reiner.de\/es\/wp-json\/wp\/v2\/users\/1"}],"replies":[{"embeddable":true,"href":"https:\/\/marking.reiner.de\/es\/wp-json\/wp\/v2\/comments?post=114"}],"version-history":[{"count":1,"href":"https:\/\/marking.reiner.de\/es\/wp-json\/wp\/v2\/pages\/114\/revisions"}],"predecessor-version":[{"id":17330,"href":"https:\/\/marking.reiner.de\/es\/wp-json\/wp\/v2\/pages\/114\/revisions\/17330"}],"wp:attachment":[{"href":"https:\/\/marking.reiner.de\/es\/wp-json\/wp\/v2\/media?parent=114"}],"wp:term":[{"taxonomy":"pagetyp","embeddable":true,"href":"https:\/\/marking.reiner.de\/es\/wp-json\/wp\/v2\/pagetyp?post=114"}],"curies":[{"name":"wp","href":"https:\/\/api.w.org\/{rel}","templated":true}]}}