{"id":9576,"date":"2025-12-11T16:45:22","date_gmt":"2025-12-11T15:45:22","guid":{"rendered":"https:\/\/hubble.makeasmile-media.de\/?post_type=product&#038;p=9576"},"modified":"2026-04-08T11:43:59","modified_gmt":"2026-04-08T09:43:59","slug":"barcode-scanner-for-jetstamp-1025-sense","status":"publish","type":"product","link":"https:\/\/marking.reiner.de\/en\/produkt\/barcode-scanner-fuer-jetstamp-1025-sense\/","title":{"rendered":"Barcode scanner 1D\/2D"},"content":{"rendered":"<p data-start=\"1051\" data-end=\"1397\">The attachable barcode scanner extends the <strong data-start=\"1098\" data-end=\"1122\">jetStamp\u00ae 1025 sense<\/strong> with a powerful scan function for mobile direct marking.<br data-start=\"1196\" data-end=\"1199\" \/>He reads <strong data-start=\"1208\" data-end=\"1228\">1D and 2D codes<\/strong>, transmits the contained data directly to the device and thus enables a <strong data-start=\"1306\" data-end=\"1337\">fast, secure impression<\/strong> - without a PC, additional software or external hardware.<\/p>\n<p data-start=\"1399\" data-end=\"1564\">Ideal for applications such as <strong data-start=\"1425\" data-end=\"1449\">Batch labeling<\/strong>, serial numbers, article codes or processes requiring documentation in industry, logistics and quality assurance.<\/p>\n<ul>\n<li data-start=\"246\" data-end=\"340\">\n<p data-start=\"248\" data-end=\"340\"><strong data-start=\"248\" data-end=\"274\">Direct data transfer<\/strong> - scanned barcodes are used directly for printing<\/p>\n<\/li>\n<li data-start=\"341\" data-end=\"421\">\n<p data-start=\"343\" data-end=\"421\"><strong data-start=\"343\" data-end=\"366\">1D &amp; 2D compatible<\/strong> - reliably reads common barcodes and matrix codes<\/p>\n<\/li>\n<li data-start=\"422\" data-end=\"493\">\n<p data-start=\"424\" data-end=\"493\"><strong data-start=\"424\" data-end=\"439\">Plug &amp; Play<\/strong> - Ready to use immediately, without a PC or additional software<\/p>\n<\/li>\n<li data-start=\"494\" data-end=\"568\">\n<p data-start=\"496\" data-end=\"568\"><strong data-start=\"496\" data-end=\"509\">Efficient<\/strong> - Reduces manual input and typical input errors<\/p>\n<\/li>\n<li data-start=\"569\" data-end=\"643\">\n<p data-start=\"571\" data-end=\"643\"><strong data-start=\"571\" data-end=\"590\">System optimized<\/strong> - specially adapted to the jetStamp\u00ae 1025 sense<\/p>\n<\/li>\n<li data-start=\"644\" data-end=\"739\">\n<p data-start=\"646\" data-end=\"739\"><strong data-start=\"646\" data-end=\"663\">Process reliability<\/strong> - Reproducible data transfer for applications requiring documentation<\/p>\n<\/li>\n<\/ul>\n<p data-start=\"722\" data-end=\"1016\">","protected":false},"excerpt":{"rendered":"<p>Der aufsteckbare Barcode Scanner erweitert den jetStamp\u00ae 1025 sense um eine leistungsstarke Scan-Funktion f\u00fcr die mobile Direktkennzeichnung.Er liest 1D- und 2D-Codes, \u00fcbertr\u00e4gt die enthaltenen Daten direkt an das Ger\u00e4t und erm\u00f6glicht so einen schnellen, sicheren Abdruck \u2013 ganz ohne PC, zus\u00e4tzliche Software oder externe Hardware. Ideal f\u00fcr Anwendungen wie Chargenkennzeichnung, Seriennummern, Artikelcodes oder dokumentationspflichtige Prozesse [&hellip;]<\/p>\n","protected":false},"featured_media":13557,"comment_status":"closed","ping_status":"closed","template":"","meta":{"_acf_changed":false,"iawp_total_views":21},"zubehor-kategorie":[134],"product_brand":[],"product_cat":[58,39],"product_tag":[],"class_list":{"0":"post-9576","1":"product","2":"type-product","3":"status-publish","4":"has-post-thumbnail","6":"zubehor-kategorie-sensorik","7":"product_cat-jetstamp-1025-sense","8":"product_cat-zubehoer","10":"first","11":"instock","12":"shipping-taxable","13":"product-type-simple"},"acf":[],"_links":{"self":[{"href":"https:\/\/marking.reiner.de\/en\/wp-json\/wp\/v2\/product\/9576","targetHints":{"allow":["GET"]}}],"collection":[{"href":"https:\/\/marking.reiner.de\/en\/wp-json\/wp\/v2\/product"}],"about":[{"href":"https:\/\/marking.reiner.de\/en\/wp-json\/wp\/v2\/types\/product"}],"replies":[{"embeddable":true,"href":"https:\/\/marking.reiner.de\/en\/wp-json\/wp\/v2\/comments?post=9576"}],"wp:featuredmedia":[{"embeddable":true,"href":"https:\/\/marking.reiner.de\/en\/wp-json\/wp\/v2\/media\/13557"}],"wp:attachment":[{"href":"https:\/\/marking.reiner.de\/en\/wp-json\/wp\/v2\/media?parent=9576"}],"wp:term":[{"taxonomy":"zubehor-kategorie","embeddable":true,"href":"https:\/\/marking.reiner.de\/en\/wp-json\/wp\/v2\/zubehor-kategorie?post=9576"},{"taxonomy":"product_brand","embeddable":true,"href":"https:\/\/marking.reiner.de\/en\/wp-json\/wp\/v2\/product_brand?post=9576"},{"taxonomy":"product_cat","embeddable":true,"href":"https:\/\/marking.reiner.de\/en\/wp-json\/wp\/v2\/product_cat?post=9576"},{"taxonomy":"product_tag","embeddable":true,"href":"https:\/\/marking.reiner.de\/en\/wp-json\/wp\/v2\/product_tag?post=9576"}],"curies":[{"name":"wp","href":"https:\/\/api.w.org\/{rel}","templated":true}]}}