{"id":8619,"date":"2025-11-27T16:47:05","date_gmt":"2025-11-27T15:47:05","guid":{"rendered":"https:\/\/hubble.makeasmile-media.de\/?post_type=product&#038;p=8619"},"modified":"2026-04-08T11:47:24","modified_gmt":"2026-04-08T09:47:24","slug":"2-inch-printer-extension-spikes","status":"publish","type":"product","link":"https:\/\/marking.reiner.de\/en\/produkt\/2-zoll-druckerweiterung-spikes\/","title":{"rendered":"2-inch printer extension spikes"},"content":{"rendered":"<p data-start=\"417\" data-end=\"498\"><strong data-start=\"421\" data-end=\"498\">Precise imprint quality on rough surfaces - especially for Euro pallets<\/strong><\/p>\n<p data-start=\"500\" data-end=\"780\">Die 2-Zoll-Druckerweiterung Spikes wurde f\u00fcr raue Holzoberfl\u00e4chen entwickelt und sorgt f\u00fcr klare, gut sichtbare Abdrucke mit 52 mm (2 Zoll) H\u00f6he \u2013 ideal f\u00fcr EPAL-Europaletten und andere Holzmaterialien. Die eingebauten Spikes fixieren die Druckerweiterung stabil, selbst auf s\u00e4gerauen Fl\u00e4chen.<\/p>\n<p data-start=\"787\" data-end=\"810\"><strong>Warum 2-Zoll-Druckerweiterung Spikes?<\/strong><\/p>\n<ul data-start=\"811\" data-end=\"1240\">\n<li data-start=\"811\" data-end=\"899\">\n<p data-start=\"813\" data-end=\"899\"><strong data-start=\"813\" data-end=\"848\">Optimized for EPAL Euro pallets<\/strong> - Clear and legible imprints, 52 mm (2 inches)<\/p>\n<\/li>\n<li data-start=\"900\" data-end=\"994\">\n<p data-start=\"902\" data-end=\"994\"><strong data-start=\"902\" data-end=\"926\">Firm hold on wood<\/strong> - Spikes press easily into the surface, nothing slips<\/p>\n<\/li>\n<li data-start=\"995\" data-end=\"1078\">\n<p data-start=\"997\" data-end=\"1078\"><strong data-start=\"997\" data-end=\"1019\">Robust &amp; durable<\/strong> - Made of sturdy metal for industrial use<\/p>\n<\/li>\n<li data-start=\"1079\" data-end=\"1155\">\n<p data-start=\"1081\" data-end=\"1155\"><strong data-start=\"1081\" data-end=\"1114\">Compatible with jetStamp\u00ae 1025<\/strong> - No additional hardware required<\/p>\n<\/li>\n<li data-start=\"1156\" data-end=\"1240\">\n<p data-start=\"1158\" data-end=\"1240\"><strong data-start=\"1158\" data-end=\"1181\">Clean print images<\/strong> - Perfect for labeling in the pallet &amp; wood sector<\/p>\n<\/li>\n<\/ul>","protected":false},"excerpt":{"rendered":"<p>Pr\u00e4zise Abdruckqualit\u00e4t auf rauen Oberfl\u00e4chen \u2013 speziell f\u00fcr Europaletten Die 2-Zoll-Druckerweiterung Spikes wurde f\u00fcr raue Holzoberfl\u00e4chen entwickelt und sorgt f\u00fcr klare, gut sichtbare Abdrucke mit 52 mm (2 Zoll) H\u00f6he \u2013 ideal f\u00fcr EPAL-Europaletten und andere Holzmaterialien. Die eingebauten Spikes fixieren die Druckerweiterung stabil, selbst auf s\u00e4gerauen Fl\u00e4chen. Warum 2-Zoll-Druckerweiterung Spikes? Optimiert f\u00fcr EPAL-Europaletten \u2013 [&hellip;]<\/p>\n","protected":false},"featured_media":13550,"comment_status":"closed","ping_status":"closed","template":"","meta":{"_acf_changed":false,"iawp_total_views":1},"zubehor-kategorie":[131],"product_brand":[],"product_cat":[39],"product_tag":[],"class_list":{"0":"post-8619","1":"product","2":"type-product","3":"status-publish","4":"has-post-thumbnail","6":"zubehor-kategorie-positionierung","7":"product_cat-zubehoer","9":"first","10":"instock","11":"shipping-taxable","12":"product-type-simple"},"acf":[],"_links":{"self":[{"href":"https:\/\/marking.reiner.de\/en\/wp-json\/wp\/v2\/product\/8619","targetHints":{"allow":["GET"]}}],"collection":[{"href":"https:\/\/marking.reiner.de\/en\/wp-json\/wp\/v2\/product"}],"about":[{"href":"https:\/\/marking.reiner.de\/en\/wp-json\/wp\/v2\/types\/product"}],"replies":[{"embeddable":true,"href":"https:\/\/marking.reiner.de\/en\/wp-json\/wp\/v2\/comments?post=8619"}],"wp:featuredmedia":[{"embeddable":true,"href":"https:\/\/marking.reiner.de\/en\/wp-json\/wp\/v2\/media\/13550"}],"wp:attachment":[{"href":"https:\/\/marking.reiner.de\/en\/wp-json\/wp\/v2\/media?parent=8619"}],"wp:term":[{"taxonomy":"zubehor-kategorie","embeddable":true,"href":"https:\/\/marking.reiner.de\/en\/wp-json\/wp\/v2\/zubehor-kategorie?post=8619"},{"taxonomy":"product_brand","embeddable":true,"href":"https:\/\/marking.reiner.de\/en\/wp-json\/wp\/v2\/product_brand?post=8619"},{"taxonomy":"product_cat","embeddable":true,"href":"https:\/\/marking.reiner.de\/en\/wp-json\/wp\/v2\/product_cat?post=8619"},{"taxonomy":"product_tag","embeddable":true,"href":"https:\/\/marking.reiner.de\/en\/wp-json\/wp\/v2\/product_tag?post=8619"}],"curies":[{"name":"wp","href":"https:\/\/api.w.org\/{rel}","templated":true}]}}