{"id":1363,"date":"2025-02-27T15:07:07","date_gmt":"2025-02-27T14:07:07","guid":{"rendered":"https:\/\/hubble.makeasmile-media.de\/?post_type=product&#038;p=1363"},"modified":"2026-04-14T08:21:40","modified_gmt":"2026-04-14T06:21:40","slug":"jetstamp-1025-sense","status":"publish","type":"product","link":"https:\/\/marking.reiner.de\/en\/produkt\/jetstamp-1025-sense\/","title":{"rendered":"jetStamp\u00ae 1025 sense"},"content":{"rendered":"<p data-start=\"467\" data-end=\"814\">The <strong data-start=\"471\" data-end=\"495\">jetStamp\u00ae 1025 sense<\/strong> is the mobile direct printing solution for <strong data-start=\"533\" data-end=\"577\">Measurement and signal-based labeling<\/strong>. It extends the <a href=\"https:\/\/marking.reiner.de\/en\/product\/jetstamp1025\/\">jetStamp\u00ae 1025<\/a> for a <strong data-start=\"621\" data-end=\"657\">Integrated sensor interface<\/strong> and makes it possible, <strong data-start=\"677\" data-end=\"720\">Measured values, signals or scanned data<\/strong> directly at the place of origin <strong data-start=\"746\" data-end=\"813\">print automatically on documents, containers or surfaces<\/strong>.<\/p>\n<p data-start=\"816\" data-end=\"1108\">Connected sensors trigger the pressure automatically and precisely. Ideal for <strong data-start=\"934\" data-end=\"1002\">Measurement tasks, test procedures and processes requiring documentation<\/strong> in industry, logistics and quality assurance - <strong data-start=\"1051\" data-end=\"1107\">Mobile, fast and without a PC or external devices<\/strong>.<\/p>\n<p><strong>Why jetStamp\u00ae 1025 sense?<\/strong><\/p>\n<ul>\n<li>\n<p data-pm-slice=\"0 0 []\">Print measured values directly at the measuring point<\/p>\n<\/li>\n<li>\n<p data-pm-slice=\"0 0 []\">Integrated sensor interface for external signals<\/p>\n<\/li>\n<li>\n<p data-pm-slice=\"0 0 []\">Precise triggering via sensor signal<\/p>\n<\/li>\n<li>\n<p data-pm-slice=\"0 0 []\">100 % mobile - no PC or external devices required<\/p>\n<\/li>\n<li>\n<p data-pm-slice=\"0 0 []\">Max. Imprint size: 85 \u00d7 26 mm (\u2248 1\u2033), expandable to 2\u2033<\/p>\n<\/li>\n<li>\n<p data-pm-slice=\"0 0 []\">Ideal for testing, measuring and series processes<\/p>\n<\/li>\n<\/ul>","protected":false},"excerpt":{"rendered":"<p>Der jetStamp\u00ae 1025 sense ist die mobile Direktdruckl\u00f6sung f\u00fcr mess- und signalbasierte Kennzeichnungen. Er erweitert den jetStamp\u00ae 1025 um eine integrierte Sensor-Schnittstelle und erm\u00f6glicht es, Messwerte, Signale oder gescannte Daten direkt am Entstehungsort automatisch auf Dokumente, Beh\u00e4lter oder Oberfl\u00e4chen zu drucken. Angeschlossene Sensoren l\u00f6sen den Druck automatisch und pr\u00e4zise aus. Ideal f\u00fcr Messaufgaben, Pr\u00fcfvorg\u00e4nge und [&hellip;]<\/p>\n","protected":false},"featured_media":13584,"comment_status":"closed","ping_status":"closed","template":"","meta":{"_acf_changed":false,"iawp_total_views":49},"zubehor-kategorie":[],"product_brand":[],"product_cat":[58,40],"product_tag":[],"class_list":{"0":"post-1363","1":"product","2":"type-product","3":"status-publish","4":"has-post-thumbnail","6":"product_cat-jetstamp-1025-sense","7":"product_cat-marking-devices","9":"first","10":"instock","11":"shipping-taxable","12":"product-type-simple"},"acf":[],"_links":{"self":[{"href":"https:\/\/marking.reiner.de\/en\/wp-json\/wp\/v2\/product\/1363","targetHints":{"allow":["GET"]}}],"collection":[{"href":"https:\/\/marking.reiner.de\/en\/wp-json\/wp\/v2\/product"}],"about":[{"href":"https:\/\/marking.reiner.de\/en\/wp-json\/wp\/v2\/types\/product"}],"replies":[{"embeddable":true,"href":"https:\/\/marking.reiner.de\/en\/wp-json\/wp\/v2\/comments?post=1363"}],"wp:featuredmedia":[{"embeddable":true,"href":"https:\/\/marking.reiner.de\/en\/wp-json\/wp\/v2\/media\/13584"}],"wp:attachment":[{"href":"https:\/\/marking.reiner.de\/en\/wp-json\/wp\/v2\/media?parent=1363"}],"wp:term":[{"taxonomy":"zubehor-kategorie","embeddable":true,"href":"https:\/\/marking.reiner.de\/en\/wp-json\/wp\/v2\/zubehor-kategorie?post=1363"},{"taxonomy":"product_brand","embeddable":true,"href":"https:\/\/marking.reiner.de\/en\/wp-json\/wp\/v2\/product_brand?post=1363"},{"taxonomy":"product_cat","embeddable":true,"href":"https:\/\/marking.reiner.de\/en\/wp-json\/wp\/v2\/product_cat?post=1363"},{"taxonomy":"product_tag","embeddable":true,"href":"https:\/\/marking.reiner.de\/en\/wp-json\/wp\/v2\/product_tag?post=1363"}],"curies":[{"name":"wp","href":"https:\/\/api.w.org\/{rel}","templated":true}]}}