{"id":1362,"date":"2025-02-27T15:06:06","date_gmt":"2025-02-27T14:06:06","guid":{"rendered":"https:\/\/hubble.makeasmile-media.de\/?post_type=product&#038;p=1362"},"modified":"2026-04-17T13:14:01","modified_gmt":"2026-04-17T11:14:01","slug":"jetstamp-graphic-970","status":"publish","type":"product","link":"https:\/\/marking.reiner.de\/en\/produkt\/jetstamp-graphic-970\/","title":{"rendered":"jetStamp\u00ae graphic 970"},"content":{"rendered":"<p>The 970 enables razor-sharp graphics, two-line text and variable data - ideal for packaging, logistics and manufacturing.<\/p>\n<p><strong>Why jetStamp 970?<\/strong><\/p>\n<ul>\n<li>Printing of barcodes, QR codes &amp; logos<\/li>\n<li>Precise graphic printing in mobile use<\/li>\n<li>Less than 1 second per impression<\/li>\n<li>Variable layouts for many applications<\/li>\n<li>Printing on cardboard, paper, foil, glass &amp; plastic<\/li>\n<\/ul>","protected":false},"excerpt":{"rendered":"<p>Der 970 erm\u00f6glicht gestochen scharfe Grafiken, zweizeiligen Text und variable Daten \u2013 ideal f\u00fcr Verpackung, Logistik &amp; Fertigung. Warum jetStamp 970? Druck von Barcodes, QR-Codes &amp; Logos Pr\u00e4ziser Grafikdruck im mobilen Einsatz Unter 1 Sekunde pro Abdruck Variable Layouts f\u00fcr viele Anwendungen Druck auf Karton, Papier, Folie, Glas &amp; Kunststoff<\/p>","protected":false},"featured_media":13579,"comment_status":"closed","ping_status":"closed","template":"","meta":{"_acf_changed":false,"iawp_total_views":0},"zubehor-kategorie":[],"product_brand":[],"product_cat":[62,40],"product_tag":[],"class_list":{"0":"post-1362","1":"product","2":"type-product","3":"status-publish","4":"has-post-thumbnail","6":"product_cat-jetstamp-graphic-970","7":"product_cat-marking-devices","9":"first","10":"instock","11":"shipping-taxable","12":"product-type-simple"},"acf":[],"_links":{"self":[{"href":"https:\/\/marking.reiner.de\/en\/wp-json\/wp\/v2\/product\/1362","targetHints":{"allow":["GET"]}}],"collection":[{"href":"https:\/\/marking.reiner.de\/en\/wp-json\/wp\/v2\/product"}],"about":[{"href":"https:\/\/marking.reiner.de\/en\/wp-json\/wp\/v2\/types\/product"}],"replies":[{"embeddable":true,"href":"https:\/\/marking.reiner.de\/en\/wp-json\/wp\/v2\/comments?post=1362"}],"wp:featuredmedia":[{"embeddable":true,"href":"https:\/\/marking.reiner.de\/en\/wp-json\/wp\/v2\/media\/13579"}],"wp:attachment":[{"href":"https:\/\/marking.reiner.de\/en\/wp-json\/wp\/v2\/media?parent=1362"}],"wp:term":[{"taxonomy":"zubehor-kategorie","embeddable":true,"href":"https:\/\/marking.reiner.de\/en\/wp-json\/wp\/v2\/zubehor-kategorie?post=1362"},{"taxonomy":"product_brand","embeddable":true,"href":"https:\/\/marking.reiner.de\/en\/wp-json\/wp\/v2\/product_brand?post=1362"},{"taxonomy":"product_cat","embeddable":true,"href":"https:\/\/marking.reiner.de\/en\/wp-json\/wp\/v2\/product_cat?post=1362"},{"taxonomy":"product_tag","embeddable":true,"href":"https:\/\/marking.reiner.de\/en\/wp-json\/wp\/v2\/product_tag?post=1362"}],"curies":[{"name":"wp","href":"https:\/\/api.w.org\/{rel}","templated":true}]}}