{"id":10335,"date":"2025-12-16T11:49:31","date_gmt":"2025-12-16T10:49:31","guid":{"rendered":"https:\/\/hubble.makeasmile-media.de\/?post_type=product&#038;p=10335"},"modified":"2026-04-08T11:46:20","modified_gmt":"2026-04-08T09:46:20","slug":"2-inch-printer-extension-adhesive-pad","status":"publish","type":"product","link":"https:\/\/marking.reiner.de\/en\/produkt\/2-zoll-druckerweiterung-haftbelag\/","title":{"rendered":"2-inch printer extension Adhesive coating"},"content":{"rendered":"<p data-start=\"500\" data-end=\"780\">Die 2-Zoll-Druckerweiterung Haftbelag ist Ihr zuverl\u00e4ssiger Partner f\u00fcr pr\u00e4zise Drucke auf glatten und flachen Oberfl\u00e4chen in der Industrie. Speziell entwickelt f\u00fcr die Kennzeichnung von EPAL Europaletten, erm\u00f6glicht sie klare Abdr\u00fccke mit einer H\u00f6he von 52 mm (2 Zoll). Die Druckerweiterung ist vielseitig einsetzbar und eignet sich ideal f\u00fcr alle Industrieumgebungen, in denen glatte und flache Fl\u00e4chen beschriftet werden m\u00fcssen. Sie sorgt f\u00fcr pr\u00e4zise Abdr\u00fccke mit einer H\u00f6he von 52 mm bzw. 2 Zoll.<\/p>\n<p data-start=\"787\" data-end=\"810\"><strong>Warum 2-Zoll-Druckerweiterung Haftbelag?<\/strong><\/p>\n<ul>\n<li><strong>EPAL approved:<\/strong>\u00a0Perfect for Euro pallets with QR code markings.<\/li>\n<li><strong>Optimum impression height:<\/strong> With an imprint height of 52mm (2 inches) ideal for larger lettering.<\/li>\n<li><strong>Strong hold on smooth surfaces:<\/strong> Der spezielle Haftbelag sorgt daf\u00fcr, dass die Druckerweiterung sicher an Ort und Stelle bleibt.<\/li>\n<li><strong>Compatibility:<\/strong>\u00a0Can be used with the existing\u00a0<i class=\"jtstmp\">jetStamp\u00ae<\/i>\u00a01025, no additional device purchase necessary.<\/li>\n<li><strong>Robust and durable:<\/strong> Aus Metall gefertigt, ist die Druckerweiterung besonders widerstandsf\u00e4hig.<\/li>\n<li><strong>Simple operation:<\/strong>\u00a0Create your print images effortlessly using the PCset graphic software.<\/li>\n<li><strong>Large print areas:\u00a0<\/strong>Perfect for larger lettering on smooth and flat surfaces.<\/li>\n<li><strong>Wide range of applications:<\/strong>\u00a0Ideal for printing numbers, letters, symbols, logos and special markings such as EPAL, IPPC and QR codes.<\/li>\n<\/ul>","protected":false},"excerpt":{"rendered":"<p>Die 2-Zoll-Druckerweiterung Haftbelag ist Ihr zuverl\u00e4ssiger Partner f\u00fcr pr\u00e4zise Drucke auf glatten und flachen Oberfl\u00e4chen in der Industrie. Speziell entwickelt f\u00fcr die Kennzeichnung von EPAL Europaletten, erm\u00f6glicht sie klare Abdr\u00fccke mit einer H\u00f6he von 52 mm (2 Zoll). Die Druckerweiterung ist vielseitig einsetzbar und eignet sich ideal f\u00fcr alle Industrieumgebungen, in denen glatte und flache [&hellip;]<\/p>\n","protected":false},"featured_media":13549,"comment_status":"closed","ping_status":"closed","template":"","meta":{"_acf_changed":false,"iawp_total_views":0},"zubehor-kategorie":[131],"product_brand":[],"product_cat":[39,58,61],"product_tag":[],"class_list":{"0":"post-10335","1":"product","2":"type-product","3":"status-publish","4":"has-post-thumbnail","6":"zubehor-kategorie-positionierung","7":"product_cat-zubehoer","8":"product_cat-jetstamp-1025-sense","9":"product_cat-jetstamp1025","11":"first","12":"instock","13":"shipping-taxable","14":"product-type-simple"},"acf":[],"_links":{"self":[{"href":"https:\/\/marking.reiner.de\/en\/wp-json\/wp\/v2\/product\/10335","targetHints":{"allow":["GET"]}}],"collection":[{"href":"https:\/\/marking.reiner.de\/en\/wp-json\/wp\/v2\/product"}],"about":[{"href":"https:\/\/marking.reiner.de\/en\/wp-json\/wp\/v2\/types\/product"}],"replies":[{"embeddable":true,"href":"https:\/\/marking.reiner.de\/en\/wp-json\/wp\/v2\/comments?post=10335"}],"wp:featuredmedia":[{"embeddable":true,"href":"https:\/\/marking.reiner.de\/en\/wp-json\/wp\/v2\/media\/13549"}],"wp:attachment":[{"href":"https:\/\/marking.reiner.de\/en\/wp-json\/wp\/v2\/media?parent=10335"}],"wp:term":[{"taxonomy":"zubehor-kategorie","embeddable":true,"href":"https:\/\/marking.reiner.de\/en\/wp-json\/wp\/v2\/zubehor-kategorie?post=10335"},{"taxonomy":"product_brand","embeddable":true,"href":"https:\/\/marking.reiner.de\/en\/wp-json\/wp\/v2\/product_brand?post=10335"},{"taxonomy":"product_cat","embeddable":true,"href":"https:\/\/marking.reiner.de\/en\/wp-json\/wp\/v2\/product_cat?post=10335"},{"taxonomy":"product_tag","embeddable":true,"href":"https:\/\/marking.reiner.de\/en\/wp-json\/wp\/v2\/product_tag?post=10335"}],"curies":[{"name":"wp","href":"https:\/\/api.w.org\/{rel}","templated":true}]}}